{"id":1138,"date":"2025-01-03T16:08:28","date_gmt":"2025-01-03T16:08:28","guid":{"rendered":"https:\/\/ardianrexhepi.com\/?post_type=product&#038;p=1138"},"modified":"2025-02-02T12:59:08","modified_gmt":"2025-02-02T12:59:08","slug":"cqb-ushtarake-policore-instruktor-i-armeve-te-zjarrit","status":"publish","type":"product","link":"https:\/\/ardianrexhepi.com\/sq\/produkt\/cqb-ushtarake-policore-instruktor-i-armeve-te-zjarrit\/","title":{"rendered":"CQB &#8211; Counter Terror Instructor"},"content":{"rendered":"<div><strong>CQB - Kursi i Instruktor\u00ebve p\u00ebr Kund\u00ebr Terrorizmit (12 Dit\u00eb)<\/strong><\/div>\n<div><strong>P\u00ebrfshin t\u00eb gjitha taktikat nga Takti 1 &amp; 6 (4 dit\u00eb) <a href=\"https:\/\/ardianrexhepi.com\/sq\/produkt\/tactical-1-6\/\">Tactical 1 &amp; 6<\/a> (4 days)<\/strong><\/div>\n<div><\/div>\n<div><strong>Dita 5: L\u00ebvizjet Taktike dhe Koordinimi<\/strong><\/div>\n<div><strong>L\u00ebvizjet taktike n\u00eb k\u00ebmb\u00eb dhe me automjet<\/strong><\/div>\n<div><\/div>\n<div><strong>Ushtrime praktike p\u00ebr l\u00ebvizjet<\/strong><\/div>\n<div><\/div>\n<div><strong>Shk\u00ebmbimi i informacionit me forcat e rendit dhe t\u00eb siguris\u00eb<\/strong><\/div>\n<div><\/div>\n<div><strong>Skenar\u00eb praktik\u00eb q\u00eb p\u00ebrfshijn\u00eb komunikimin dhe koordinimin<\/strong><\/div>\n<div><\/div>\n<div><strong>Krav Maga &#8211; CQB<\/strong><\/div>\n<div><\/div>\n<div><strong>Dita 6: Vler\u00ebsimi i Sken\u00ebs dhe Reagimi i Menj\u00ebhersh\u00ebm<\/strong><\/div>\n<div><strong>Trajnim p\u00ebr reagimin e agjent\u00ebve dhe vler\u00ebsimin e sken\u00ebs<\/strong><\/div>\n<div><\/div>\n<div><strong>Teknikat e hyrjes s\u00eb shpejt\u00eb me kujdes t\u00eb shtuar<\/strong><\/div>\n<div><\/div>\n<div><strong>Pastrimi i dhomave nga individ\u00ebt (me qitje reale)<\/strong><\/div>\n<div><\/div>\n<div><strong>Ushtrime praktike dhe skenar\u00eb<\/strong><\/div>\n<div><\/div>\n<div><strong>Dita 7: Koordinimi i Ekipit dhe Pastrimi i Dhomave<\/strong><\/div>\n<div><strong>Pastrimi i dhomave me dy agjent\u00eb duke punuar s\u00eb bashku (me qitje reale)<\/strong><\/div>\n<div><\/div>\n<div><strong>Coordination and communication drills<\/strong><\/div>\n<div><\/div>\n<div><strong>Ushtrime p\u00ebr koordinim dhe komunikim<\/strong><\/div>\n<div><\/div>\n<div><strong>Seanc\u00eb teorike mbi instinktet e mbijetes\u00ebs<\/strong><\/div>\n<div><\/div>\n<div><strong>Krav Maga &#8211; CQB<\/strong><\/div>\n<div><\/div>\n<div><strong>Dita 8: Trajnimi i bazuar n\u00eb skenar dhe p\u00ebrdorimi i arm\u00ebve<\/strong><\/div>\n<div><strong>Skenar\u00eb t\u00eb ndrysh\u00ebm q\u00eb p\u00ebrfshijn\u00eb arm\u00eb t\u00eb shkurtra dhe t\u00eb gjata<\/strong><\/div>\n<div><\/div>\n<div><strong>Ushtrime n\u00eb grup dhe ushtrime individuale<\/strong><\/div>\n<div><\/div>\n<div><strong>Ushtrime praktike p\u00ebr eliminimin e sulmuesit aktiv (me qitje reale)<\/strong><\/div>\n<div><\/div>\n<div><strong>Rishikim dhe p\u00ebrfundim i t\u00eb gjith\u00eb programit<\/strong><\/div>\n<div><\/div>\n<div><strong>Dita 9: Niveli Individual<\/strong><\/div>\n<div><strong>Pastrimi i dhomave nga nj\u00eb agjent<\/strong><\/div>\n<div><\/div>\n<div><strong>Qitje e that\u00eb individuale<\/strong><\/div>\n<div><\/div>\n<div><strong>Qitje individuale me zjarr t\u00eb gjall\u00eb<\/strong><\/div>\n<div><\/div>\n<div><strong>Krav Maga &#8211; CQB<\/strong><\/div>\n<div><\/div>\n<div><strong>Dita 10: Niveli i Ekipit<\/strong><\/div>\n<div><strong>Pastrimi i dhomave nga dy agjent\u00eb<\/strong><\/div>\n<div><\/div>\n<div><strong>Qitje e gjall\u00eb p\u00ebr pastrimin e dhomave - dy agjent\u00eb q\u00eb punojn\u00eb s\u00eb bashku<\/strong><\/div>\n<div><\/div>\n<div><strong>Niveli i avancimit t\u00eb skuadr\u00ebs<\/strong><\/div>\n<div><\/div>\n<div><strong>Qitje e gjall\u00eb + skuad\u00ebr flashbang<\/strong><\/div>\n<div><\/div>\n<div><strong>Dita 11: Trajnimi n\u00eb Err\u00ebsir\u00eb<\/strong><\/div>\n<div><strong>Vizion nate - qitje e that\u00eb dhe qitje e gjall\u00eb<\/strong><\/div>\n<div><\/div>\n<div><strong>Pastrimi individual i dhomave<\/strong><\/div>\n<div><\/div>\n<div><strong>Pastrimi i dhomave nga ekipi<\/strong><\/div>\n<div><\/div>\n<div><strong>Dita 12: Pastrimi i Dhomave - Tre Agjent\u00eb duke punuar s\u00eb bashku<\/strong><\/div>\n<div><strong>Trajnim si ekipe patrulluese n\u00eb skenar\u00eb urban - qitje e that\u00eb dhe qitje e gjall\u00eb - tre dhoma<\/strong><\/div>\n<div><\/div>\n<div><strong>P\u00ebrmbledhje teorike e programit t\u00eb trajnimit<\/strong><\/div>\n<div><\/div>\n<div><strong>Qitje e lir\u00eb me arm\u00eb t\u00eb shkurtra dhe t\u00eb gjata<\/strong><\/div>\n<div><\/div>\n<div><strong>Shp\u00ebrndarja e diplomave<\/strong><\/div>","protected":false},"excerpt":{"rendered":"<p><strong>Ne ofrojm\u00eb t\u00eb gjith\u00eb pajisjet e nevojshme logjistike, duke p\u00ebrfshir\u00eb pajisjet mbrojt\u00ebse si mbrojt\u00ebse p\u00ebr vesh\u00ebt, syze mbrojt\u00ebse dhe mbrojt\u00ebse p\u00ebr gjunj\u00eb. Pajisjet tona taktike p\u00ebrfshijn\u00eb breza, mbajt\u00ebse, xhepa p\u00ebr magazinat, rripa p\u00ebr arm\u00eb t\u00eb gjata dhe arm\u00eb zjarri. Ju do t\u00eb keni qasje n\u00eb arm\u00eb t\u00eb shkurtra, si Glock 9x19 dhe SIG Sauer 9x19, dhe arm\u00eb t\u00eb gjata, duke p\u00ebrfshir\u00eb AR 15 5.56, MP5 9x19 dhe AK 47 cal 7.62. Me 100-250 fishek\u00eb t\u00eb gjall\u00eb n\u00eb dit\u00eb, ju do t\u00eb keni mund\u00ebsi t\u00eb mjaftueshme p\u00ebr t\u00eb p\u00ebrmir\u00ebsuar aft\u00ebsit\u00eb tuaja. Gjith\u00e7ka q\u00eb duhet t\u00eb sillni \u00ebsht\u00eb uniforma juaj personale taktike, duke p\u00ebrfshir\u00eb pantallonat dhe k\u00ebmish\u00ebn. Ne kujdesemi p\u00ebr pjes\u00ebn tjet\u00ebr, duke ofruar transport nga aeroporti, nj\u00eb q\u00ebndrim me m\u00ebngjes t\u00eb p\u00ebrfshir\u00eb, dhe transport nga hoteli n\u00eb terrenin e st\u00ebrvitjes. Seancat e st\u00ebrvitjes zgjasin 7 deri n\u00eb 9 or\u00eb n\u00eb dit\u00eb, duke ofruar nj\u00eb p\u00ebrvoj\u00eb t\u00eb thell\u00eb dhe intensive t\u00eb dizajnuar p\u00ebr t\u00eb shtyr\u00eb kufijt\u00eb tuaj dhe p\u00ebr t\u00eb p\u00ebrmir\u00ebsuar aft\u00ebsit\u00eb tuaja.<\/strong><\/p>\n<p><strong>P\u00ebr t'u regjistruar n\u00eb k\u00ebt\u00eb trajnim taktik elitar, k\u00ebrkohet nj\u00eb depozit\u00eb prej 50% p\u00ebr t\u00eb rezervuar vendin tuaj. P\u00ebrve\u00e7 k\u00ebsaj, t\u00eb gjith\u00eb pjes\u00ebmarr\u00ebsit duhet t\u00eb dor\u00ebzojn\u00eb nj\u00eb dokument t\u00eb t\u00eb kaluar\u00ebs kriminale p\u00ebr verifikim.<\/strong><\/p>","protected":false},"featured_media":1139,"comment_status":"closed","ping_status":"closed","template":"","meta":[],"product_brand":[],"product_cat":[53],"product_tag":[],"class_list":{"0":"post-1138","1":"product","2":"type-product","3":"status-publish","4":"has-post-thumbnail","6":"product_cat-civil","8":"first","9":"instock","10":"shipping-taxable","11":"purchasable","12":"product-type-simple"},"yoast_head":"<!-- This site is optimized with the Yoast SEO plugin v27.4 - https:\/\/yoast.com\/product\/yoast-seo-wordpress\/ -->\n<title>CQB - Counter Terror Instructor | Ardian Rexhepi<\/title>\n<meta name=\"robots\" content=\"index, follow, max-snippet:-1, max-image-preview:large, max-video-preview:-1\" \/>\n<link rel=\"canonical\" href=\"https:\/\/ardianrexhepi.com\/sq\/produkt\/cqb-ushtarake-policore-instruktor-i-armeve-te-zjarrit\/\" \/>\n<meta property=\"og:locale\" content=\"sq_AL\" \/>\n<meta property=\"og:type\" content=\"article\" \/>\n<meta property=\"og:title\" content=\"CQB - Counter Terror Instructor | Ardian Rexhepi\" \/>\n<meta property=\"og:description\" content=\"We provide all necessary logistic equipment, including protective gear like ear protection, safety goggles, and knee protection. Our tactical gear includes belts, holsters, magazine pouches, long gun slings, and firearms. You&#039;ll have access to short guns, such as the Glock 9x19 and SIG Sauer 9x19, and long guns, including the AR 15 5.56, MP5 9x19, and AK 47 cal 7.62. With 100-250 rounds of live fire ammunition per day, you\u2019ll have ample opportunity to sharpen your skills. All you need to bring is your personal tactical uniform, including pants and a shirt. We take care of the rest, offering transportation from the airport, a stay with breakfast included, and transport from the hotel to the training ground. Training sessions last 7 to 9 hours per day, providing an immersive and intensive experience designed to push your limits and enhance your abilities.  To enroll in this elite tactical training, a 50% deposit is required to reserve your spot. Additionally, all participants must submit a criminal background check for verification.\" \/>\n<meta property=\"og:url\" content=\"https:\/\/ardianrexhepi.com\/sq\/produkt\/cqb-ushtarake-policore-instruktor-i-armeve-te-zjarrit\/\" \/>\n<meta property=\"og:site_name\" content=\"Ardian Rexhepi\" \/>\n<meta property=\"article:publisher\" content=\"https:\/\/www.facebook.com\/profile.php?id=100031038740761\" \/>\n<meta property=\"article:modified_time\" content=\"2025-02-02T12:59:08+00:00\" \/>\n<meta property=\"og:image\" content=\"https:\/\/ardianrexhepi.com\/wp-content\/uploads\/2025\/01\/website-pp-gun-check-2.jpg\" \/>\n\t<meta property=\"og:image:width\" content=\"1906\" \/>\n\t<meta property=\"og:image:height\" content=\"1079\" \/>\n\t<meta property=\"og:image:type\" content=\"image\/jpeg\" \/>\n<meta name=\"twitter:card\" content=\"summary_large_image\" \/>\n<meta name=\"twitter:label1\" content=\"Est. reading time\" \/>\n\t<meta name=\"twitter:data1\" content=\"1 minut\u00eb\" \/>\n<script type=\"application\/ld+json\" class=\"yoast-schema-graph\">{\"@context\":\"https:\\\/\\\/schema.org\",\"@graph\":[{\"@type\":\"WebPage\",\"@id\":\"https:\\\/\\\/ardianrexhepi.com\\\/product\\\/cqb-ushtarake-policore-instruktor-i-armeve-te-zjarrit\\\/\",\"url\":\"https:\\\/\\\/ardianrexhepi.com\\\/product\\\/cqb-ushtarake-policore-instruktor-i-armeve-te-zjarrit\\\/\",\"name\":\"CQB - Counter Terror Instructor | Ardian Rexhepi\",\"isPartOf\":{\"@id\":\"https:\\\/\\\/ardianrexhepi.com\\\/#website\"},\"primaryImageOfPage\":{\"@id\":\"https:\\\/\\\/ardianrexhepi.com\\\/product\\\/cqb-ushtarake-policore-instruktor-i-armeve-te-zjarrit\\\/#primaryimage\"},\"image\":{\"@id\":\"https:\\\/\\\/ardianrexhepi.com\\\/product\\\/cqb-ushtarake-policore-instruktor-i-armeve-te-zjarrit\\\/#primaryimage\"},\"thumbnailUrl\":\"https:\\\/\\\/ardianrexhepi.com\\\/wp-content\\\/uploads\\\/2025\\\/01\\\/website-pp-gun-check-2.jpg\",\"datePublished\":\"2025-01-03T16:08:28+00:00\",\"dateModified\":\"2025-02-02T12:59:08+00:00\",\"breadcrumb\":{\"@id\":\"https:\\\/\\\/ardianrexhepi.com\\\/product\\\/cqb-ushtarake-policore-instruktor-i-armeve-te-zjarrit\\\/#breadcrumb\"},\"inLanguage\":\"sq\",\"potentialAction\":[{\"@type\":\"ReadAction\",\"target\":[\"https:\\\/\\\/ardianrexhepi.com\\\/product\\\/cqb-ushtarake-policore-instruktor-i-armeve-te-zjarrit\\\/\"]}]},{\"@type\":\"ImageObject\",\"inLanguage\":\"sq\",\"@id\":\"https:\\\/\\\/ardianrexhepi.com\\\/product\\\/cqb-ushtarake-policore-instruktor-i-armeve-te-zjarrit\\\/#primaryimage\",\"url\":\"https:\\\/\\\/ardianrexhepi.com\\\/wp-content\\\/uploads\\\/2025\\\/01\\\/website-pp-gun-check-2.jpg\",\"contentUrl\":\"https:\\\/\\\/ardianrexhepi.com\\\/wp-content\\\/uploads\\\/2025\\\/01\\\/website-pp-gun-check-2.jpg\",\"width\":1906,\"height\":1079},{\"@type\":\"BreadcrumbList\",\"@id\":\"https:\\\/\\\/ardianrexhepi.com\\\/product\\\/cqb-ushtarake-policore-instruktor-i-armeve-te-zjarrit\\\/#breadcrumb\",\"itemListElement\":[{\"@type\":\"ListItem\",\"position\":1,\"name\":\"Home\",\"item\":\"https:\\\/\\\/ardianrexhepi.com\\\/\"},{\"@type\":\"ListItem\",\"position\":2,\"name\":\"Shop\",\"item\":\"https:\\\/\\\/ardianrexhepi.com\\\/shop\\\/\"},{\"@type\":\"ListItem\",\"position\":3,\"name\":\"CQB &#8211; Counter Terror Instructor\"}]},{\"@type\":\"WebSite\",\"@id\":\"https:\\\/\\\/ardianrexhepi.com\\\/#website\",\"url\":\"https:\\\/\\\/ardianrexhepi.com\\\/\",\"name\":\"Ardian Rexhepi\",\"description\":\"CQB CPO EP\",\"publisher\":{\"@id\":\"https:\\\/\\\/ardianrexhepi.com\\\/#organization\"},\"potentialAction\":[{\"@type\":\"SearchAction\",\"target\":{\"@type\":\"EntryPoint\",\"urlTemplate\":\"https:\\\/\\\/ardianrexhepi.com\\\/?s={search_term_string}\"},\"query-input\":{\"@type\":\"PropertyValueSpecification\",\"valueRequired\":true,\"valueName\":\"search_term_string\"}}],\"inLanguage\":\"sq\"},{\"@type\":\"Organization\",\"@id\":\"https:\\\/\\\/ardianrexhepi.com\\\/#organization\",\"name\":\"Ardian Rexhepi\",\"url\":\"https:\\\/\\\/ardianrexhepi.com\\\/\",\"logo\":{\"@type\":\"ImageObject\",\"inLanguage\":\"sq\",\"@id\":\"https:\\\/\\\/ardianrexhepi.com\\\/#\\\/schema\\\/logo\\\/image\\\/\",\"url\":\"https:\\\/\\\/ardianrexhepi.com\\\/wp-content\\\/uploads\\\/2025\\\/01\\\/cropped-logo-ar-png.png\",\"contentUrl\":\"https:\\\/\\\/ardianrexhepi.com\\\/wp-content\\\/uploads\\\/2025\\\/01\\\/cropped-logo-ar-png.png\",\"width\":816,\"height\":261,\"caption\":\"Ardian Rexhepi\"},\"image\":{\"@id\":\"https:\\\/\\\/ardianrexhepi.com\\\/#\\\/schema\\\/logo\\\/image\\\/\"},\"sameAs\":[\"https:\\\/\\\/www.facebook.com\\\/profile.php?id=100031038740761\"]}]}<\/script>\n<!-- \/ Yoast SEO plugin. -->","yoast_head_json":{"title":"CQB - Counter Terror Instructor | Ardian Rexhepi","robots":{"index":"index","follow":"follow","max-snippet":"max-snippet:-1","max-image-preview":"max-image-preview:large","max-video-preview":"max-video-preview:-1"},"canonical":"https:\/\/ardianrexhepi.com\/sq\/produkt\/cqb-ushtarake-policore-instruktor-i-armeve-te-zjarrit\/","og_locale":"sq_AL","og_type":"article","og_title":"CQB - Counter Terror Instructor | Ardian Rexhepi","og_description":"We provide all necessary logistic equipment, including protective gear like ear protection, safety goggles, and knee protection. Our tactical gear includes belts, holsters, magazine pouches, long gun slings, and firearms. You'll have access to short guns, such as the Glock 9x19 and SIG Sauer 9x19, and long guns, including the AR 15 5.56, MP5 9x19, and AK 47 cal 7.62. With 100-250 rounds of live fire ammunition per day, you\u2019ll have ample opportunity to sharpen your skills. All you need to bring is your personal tactical uniform, including pants and a shirt. We take care of the rest, offering transportation from the airport, a stay with breakfast included, and transport from the hotel to the training ground. Training sessions last 7 to 9 hours per day, providing an immersive and intensive experience designed to push your limits and enhance your abilities.  To enroll in this elite tactical training, a 50% deposit is required to reserve your spot. Additionally, all participants must submit a criminal background check for verification.","og_url":"https:\/\/ardianrexhepi.com\/sq\/produkt\/cqb-ushtarake-policore-instruktor-i-armeve-te-zjarrit\/","og_site_name":"Ardian Rexhepi","article_publisher":"https:\/\/www.facebook.com\/profile.php?id=100031038740761","article_modified_time":"2025-02-02T12:59:08+00:00","og_image":[{"width":1906,"height":1079,"url":"https:\/\/ardianrexhepi.com\/wp-content\/uploads\/2025\/01\/website-pp-gun-check-2.jpg","type":"image\/jpeg"}],"twitter_card":"summary_large_image","twitter_misc":{"Est. reading time":"1 minut\u00eb"},"schema":{"@context":"https:\/\/schema.org","@graph":[{"@type":"WebPage","@id":"https:\/\/ardianrexhepi.com\/product\/cqb-ushtarake-policore-instruktor-i-armeve-te-zjarrit\/","url":"https:\/\/ardianrexhepi.com\/product\/cqb-ushtarake-policore-instruktor-i-armeve-te-zjarrit\/","name":"CQB - Counter Terror Instructor | Ardian Rexhepi","isPartOf":{"@id":"https:\/\/ardianrexhepi.com\/#website"},"primaryImageOfPage":{"@id":"https:\/\/ardianrexhepi.com\/product\/cqb-ushtarake-policore-instruktor-i-armeve-te-zjarrit\/#primaryimage"},"image":{"@id":"https:\/\/ardianrexhepi.com\/product\/cqb-ushtarake-policore-instruktor-i-armeve-te-zjarrit\/#primaryimage"},"thumbnailUrl":"https:\/\/ardianrexhepi.com\/wp-content\/uploads\/2025\/01\/website-pp-gun-check-2.jpg","datePublished":"2025-01-03T16:08:28+00:00","dateModified":"2025-02-02T12:59:08+00:00","breadcrumb":{"@id":"https:\/\/ardianrexhepi.com\/product\/cqb-ushtarake-policore-instruktor-i-armeve-te-zjarrit\/#breadcrumb"},"inLanguage":"sq","potentialAction":[{"@type":"ReadAction","target":["https:\/\/ardianrexhepi.com\/product\/cqb-ushtarake-policore-instruktor-i-armeve-te-zjarrit\/"]}]},{"@type":"ImageObject","inLanguage":"sq","@id":"https:\/\/ardianrexhepi.com\/product\/cqb-ushtarake-policore-instruktor-i-armeve-te-zjarrit\/#primaryimage","url":"https:\/\/ardianrexhepi.com\/wp-content\/uploads\/2025\/01\/website-pp-gun-check-2.jpg","contentUrl":"https:\/\/ardianrexhepi.com\/wp-content\/uploads\/2025\/01\/website-pp-gun-check-2.jpg","width":1906,"height":1079},{"@type":"BreadcrumbList","@id":"https:\/\/ardianrexhepi.com\/product\/cqb-ushtarake-policore-instruktor-i-armeve-te-zjarrit\/#breadcrumb","itemListElement":[{"@type":"ListItem","position":1,"name":"Home","item":"https:\/\/ardianrexhepi.com\/"},{"@type":"ListItem","position":2,"name":"Shop","item":"https:\/\/ardianrexhepi.com\/shop\/"},{"@type":"ListItem","position":3,"name":"CQB &#8211; Counter Terror Instructor"}]},{"@type":"WebSite","@id":"https:\/\/ardianrexhepi.com\/#website","url":"https:\/\/ardianrexhepi.com\/","name":"Ardian Rexhepi","description":"CQB CPO EP","publisher":{"@id":"https:\/\/ardianrexhepi.com\/#organization"},"potentialAction":[{"@type":"SearchAction","target":{"@type":"EntryPoint","urlTemplate":"https:\/\/ardianrexhepi.com\/?s={search_term_string}"},"query-input":{"@type":"PropertyValueSpecification","valueRequired":true,"valueName":"search_term_string"}}],"inLanguage":"sq"},{"@type":"Organization","@id":"https:\/\/ardianrexhepi.com\/#organization","name":"Ardian Rexhepi","url":"https:\/\/ardianrexhepi.com\/","logo":{"@type":"ImageObject","inLanguage":"sq","@id":"https:\/\/ardianrexhepi.com\/#\/schema\/logo\/image\/","url":"https:\/\/ardianrexhepi.com\/wp-content\/uploads\/2025\/01\/cropped-logo-ar-png.png","contentUrl":"https:\/\/ardianrexhepi.com\/wp-content\/uploads\/2025\/01\/cropped-logo-ar-png.png","width":816,"height":261,"caption":"Ardian Rexhepi"},"image":{"@id":"https:\/\/ardianrexhepi.com\/#\/schema\/logo\/image\/"},"sameAs":["https:\/\/www.facebook.com\/profile.php?id=100031038740761"]}]}},"_links":{"self":[{"href":"https:\/\/ardianrexhepi.com\/sq\/wp-json\/wp\/v2\/product\/1138","targetHints":{"allow":["GET"]}}],"collection":[{"href":"https:\/\/ardianrexhepi.com\/sq\/wp-json\/wp\/v2\/product"}],"about":[{"href":"https:\/\/ardianrexhepi.com\/sq\/wp-json\/wp\/v2\/types\/product"}],"replies":[{"embeddable":true,"href":"https:\/\/ardianrexhepi.com\/sq\/wp-json\/wp\/v2\/comments?post=1138"}],"wp:featuredmedia":[{"embeddable":true,"href":"https:\/\/ardianrexhepi.com\/sq\/wp-json\/wp\/v2\/media\/1139"}],"wp:attachment":[{"href":"https:\/\/ardianrexhepi.com\/sq\/wp-json\/wp\/v2\/media?parent=1138"}],"wp:term":[{"taxonomy":"product_brand","embeddable":true,"href":"https:\/\/ardianrexhepi.com\/sq\/wp-json\/wp\/v2\/product_brand?post=1138"},{"taxonomy":"product_cat","embeddable":true,"href":"https:\/\/ardianrexhepi.com\/sq\/wp-json\/wp\/v2\/product_cat?post=1138"},{"taxonomy":"product_tag","embeddable":true,"href":"https:\/\/ardianrexhepi.com\/sq\/wp-json\/wp\/v2\/product_tag?post=1138"}],"curies":[{"name":"wp","href":"https:\/\/api.w.org\/{rel}","templated":true}]}}