{"id":1134,"date":"2025-01-03T15:59:58","date_gmt":"2025-01-03T15:59:58","guid":{"rendered":"https:\/\/ardianrexhepi.com\/?post_type=product&#038;p=1134"},"modified":"2025-02-02T12:59:30","modified_gmt":"2025-02-02T12:59:30","slug":"tpgs-transporti-i-parave-te-gatshme-dhe-sendeve-me-vlere","status":"publish","type":"product","link":"https:\/\/ardianrexhepi.com\/sq\/produkt\/tpgs-transporti-i-parave-te-gatshme-dhe-sendeve-me-vlere\/","title":{"rendered":"TPGS - Transporti i Parave t\u00eb Gatshme dhe Sendeve me Vler\u00eb"},"content":{"rendered":"<p><strong>Dita 1<\/strong><\/p>\n<p><strong>Teoria n\u00eb poligon<\/strong><\/p>\n<p><strong>Shpjegimi i vetur\u00ebs Blind, hap\u00ebsirat e brendshme - shoferi - udh\u00ebheq\u00ebsi i grupit - oficieri i parave dhe sendeve me vler\u00eb<\/strong><\/p>\n<p><strong>Shoferi, udh\u00ebheq\u00ebsi, oficieri dhe p\u00ebrgjegj\u00ebsia e tij<\/strong><\/p>\n<p><strong>Funksionimi i elektronik\u00ebs dhe mekanizmit brenda vetur\u00ebs Blind<\/strong><\/p>\n<p><strong>Funksionimi i pajisjeve t\u00eb bartjes s\u00eb keshit dhe sendeve me vler\u00eb<\/strong><\/p>\n<p><strong>Dita 2<\/strong><\/p>\n<p><strong>Koordinimi mes ekipit gjat\u00eb l\u00ebvizjes<\/strong><\/p>\n<p><strong>Koordinimi i ekipit statik<\/strong><\/p>\n<p><strong>Koordinimi i ekipit gjat\u00eb hyrjes n\u00eb objekt dhe daljes<\/strong><\/p>\n<p><strong>Koordinimi i udh\u00ebheq\u00ebsit t\u00eb grupit dhe shoferit gjat\u00eb kryerjes s\u00eb operacionit brenda n\u00eb objekt<\/strong><\/p>\n<p><strong>Komunikimi i udh\u00ebheq\u00ebsit t\u00eb grupit me shoferin para l\u00ebvizjes<\/strong><\/p>\n<p><strong>P\u00ebrdorimi i arm\u00ebs brenda vetur\u00ebs (kombi i blinduar) dhe siguria e arm\u00ebs s\u00eb shkurt\u00eb dhe t\u00eb gjat\u00eb<\/strong><\/p>\n<p><strong>P\u00ebrdorimi i arm\u00ebs jasht\u00eb kombit<\/strong><\/p>\n<p><strong>Dita 3<\/strong><\/p>\n<p><strong>P\u00ebrdorimi i arm\u00ebs n\u00eb gjuajtje n\u00eb distanc\u00eb t\u00eb shkurt\u00eb<\/strong><\/p>\n<p><strong>P\u00ebrdorimi i arm\u00ebs n\u00eb gjuajtje n\u00eb distanc\u00eb t\u00eb gjat\u00eb<\/strong><\/p>\n<p><strong>P\u00ebrdorimi i arm\u00ebs sipas udh\u00ebzimit dhe rregullores s\u00eb Ministris\u00eb s\u00eb Pun\u00ebve t\u00eb Brendshme<\/strong><\/p>\n<p><strong>Funksionimi dhe mosfunksionimi i mekanizmit t\u00eb arm\u00ebs s\u00eb shkurt\u00eb dhe t\u00eb gjat\u00eb<\/strong><\/p>\n<p><strong>Gjuajtje nga vetura (kombi)<\/strong><\/p>\n<p><strong>Koordinimi i ekipit gjat\u00eb pritjes (ambush-it) brenda vetur\u00ebs (kombit)<\/strong><\/p>\n<p><strong>Koordinimi i ekipit me organet e rendit p\u00ebrmes telefonit dhe n\u00eb t\u00eb nj\u00ebjt\u00ebn koh\u00eb me baz\u00ebn (qendr\u00ebn e kontrollit) motorolles<\/strong><\/p>\n<p>&nbsp;<\/p>","protected":false},"excerpt":{"rendered":"<div class=\"flex-shrink-0 flex flex-col relative items-end\">\n<div class=\"pt-0\">\n<div class=\"gizmo-bot-avatar flex h-8 w-8 items-center justify-center overflow-hidden rounded-full\">\n<div class=\"relative p-1 rounded-sm flex items-center justify-center bg-token-main-surface-primary text-token-text-primary h-8 w-8\">\n<p><strong>Ne ofrojm\u00eb t\u00eb gjith\u00eb pajisjet e nevojshme logjistike, duke p\u00ebrfshir\u00eb pajisjet mbrojt\u00ebse si mbrojt\u00ebse p\u00ebr vesh\u00ebt, syze mbrojt\u00ebse dhe mbrojt\u00ebse p\u00ebr gjunj\u00eb. Pajisjet tona taktike p\u00ebrfshijn\u00eb breza, mbajt\u00ebse, xhepa p\u00ebr magazinat, rripa p\u00ebr arm\u00eb t\u00eb gjata dhe arm\u00eb zjarri. Ju do t\u00eb keni qasje n\u00eb arm\u00eb t\u00eb shkurtra, si Glock 9x19 dhe SIG Sauer 9x19, dhe arm\u00eb t\u00eb gjata, duke p\u00ebrfshir\u00eb AR 15 5.56, MP5 9x19 dhe AK 47 cal 7.62. Me 100-250 fishek\u00eb t\u00eb gjall\u00eb n\u00eb dit\u00eb, ju do t\u00eb keni mund\u00ebsi t\u00eb mjaftueshme p\u00ebr t\u00eb p\u00ebrmir\u00ebsuar aft\u00ebsit\u00eb tuaja. Gjith\u00e7ka q\u00eb duhet t\u00eb sillni \u00ebsht\u00eb uniforma juaj personale taktike, duke p\u00ebrfshir\u00eb pantallonat dhe k\u00ebmish\u00ebn. Ne kujdesemi p\u00ebr pjes\u00ebn tjet\u00ebr, duke ofruar transport nga aeroporti, nj\u00eb q\u00ebndrim me m\u00ebngjes t\u00eb p\u00ebrfshir\u00eb, dhe transport nga hoteli n\u00eb terrenin e st\u00ebrvitjes. Seancat e st\u00ebrvitjes zgjasin 7 deri n\u00eb 9 or\u00eb n\u00eb dit\u00eb, duke ofruar nj\u00eb p\u00ebrvoj\u00eb t\u00eb thell\u00eb dhe intensive t\u00eb dizajnuar p\u00ebr t\u00eb shtyr\u00eb kufijt\u00eb tuaj dhe p\u00ebr t\u00eb p\u00ebrmir\u00ebsuar aft\u00ebsit\u00eb tuaja.<\/strong><\/p>\n<p><strong>P\u00ebr t'u regjistruar n\u00eb k\u00ebt\u00eb trajnim taktik elitar, k\u00ebrkohet nj\u00eb depozit\u00eb prej 50% p\u00ebr t\u00eb rezervuar vendin tuaj. P\u00ebrve\u00e7 k\u00ebsaj, t\u00eb gjith\u00eb pjes\u00ebmarr\u00ebsit duhet t\u00eb dor\u00ebzojn\u00eb nj\u00eb dokument t\u00eb t\u00eb kaluar\u00ebs kriminale p\u00ebr verifikim.<\/strong><\/p>\n<\/div>\n<\/div>\n<\/div>\n<\/div>","protected":false},"featured_media":1142,"comment_status":"closed","ping_status":"closed","template":"","meta":[],"product_brand":[],"product_cat":[53],"product_tag":[],"class_list":{"0":"post-1134","1":"product","2":"type-product","3":"status-publish","4":"has-post-thumbnail","6":"product_cat-civil","8":"first","9":"instock","10":"shipping-taxable","11":"purchasable","12":"product-type-simple"},"yoast_head":"<!-- This site is optimized with the Yoast SEO plugin v27.4 - https:\/\/yoast.com\/product\/yoast-seo-wordpress\/ -->\n<title>TPGS - Cash-in-transit (CIT) or cash\/valuables-in-transit (CVIT) | Ardian Rexhepi<\/title>\n<meta name=\"robots\" content=\"index, follow, max-snippet:-1, max-image-preview:large, max-video-preview:-1\" \/>\n<link rel=\"canonical\" href=\"https:\/\/ardianrexhepi.com\/sq\/produkt\/tpgs-transporti-i-parave-te-gatshme-dhe-sendeve-me-vlere\/\" \/>\n<meta property=\"og:locale\" content=\"sq_AL\" \/>\n<meta property=\"og:type\" content=\"article\" \/>\n<meta property=\"og:title\" content=\"TPGS - Cash-in-transit (CIT) or cash\/valuables-in-transit (CVIT) | Ardian Rexhepi\" \/>\n<meta property=\"og:description\" content=\"We provide all necessary logistic equipment, including protective gear like ear protection, safety goggles, and knee protection. Our tactical gear includes belts, holsters, magazine pouches, long gun slings, and firearms. You&#039;ll have access to short guns, such as the Glock 9x19 and SIG Sauer 9x19, and long guns, including the AR 15 5.56, MP5 9x19, and AK 47 cal 7.62. With 100-250 rounds of live fire ammunition per day, you\u2019ll have ample opportunity to sharpen your skills. All you need to bring is your personal tactical uniform, including pants and a shirt. We take care of the rest, offering transportation from the airport, a stay with breakfast included, and transport from the hotel to the training ground. Training sessions last 7 to 9 hours per day, providing an immersive and intensive experience designed to push your limits and enhance your abilities.  To enroll in this elite tactical training, a 50% deposit is required to reserve your spot. Additionally, all participants must submit a criminal background check for verification.\" \/>\n<meta property=\"og:url\" content=\"https:\/\/ardianrexhepi.com\/sq\/produkt\/tpgs-transporti-i-parave-te-gatshme-dhe-sendeve-me-vlere\/\" \/>\n<meta property=\"og:site_name\" content=\"Ardian Rexhepi\" \/>\n<meta property=\"article:publisher\" content=\"https:\/\/www.facebook.com\/profile.php?id=100031038740761\" \/>\n<meta property=\"article:modified_time\" content=\"2025-02-02T12:59:30+00:00\" \/>\n<meta property=\"og:image\" content=\"https:\/\/ardianrexhepi.com\/wp-content\/uploads\/2025\/01\/PSX_20240603_005609-scaled.jpg\" \/>\n\t<meta property=\"og:image:width\" content=\"2560\" \/>\n\t<meta property=\"og:image:height\" content=\"1439\" \/>\n\t<meta property=\"og:image:type\" content=\"image\/jpeg\" \/>\n<meta name=\"twitter:card\" content=\"summary_large_image\" \/>\n<meta name=\"twitter:label1\" content=\"Est. reading time\" \/>\n\t<meta name=\"twitter:data1\" content=\"1 minut\u00eb\" \/>\n<script type=\"application\/ld+json\" class=\"yoast-schema-graph\">{\"@context\":\"https:\\\/\\\/schema.org\",\"@graph\":[{\"@type\":\"WebPage\",\"@id\":\"https:\\\/\\\/ardianrexhepi.com\\\/sq\\\/produkt\\\/tpgs-transporti-i-parave-te-gatshme-dhe-sendeve-me-vlere\\\/\",\"url\":\"https:\\\/\\\/ardianrexhepi.com\\\/sq\\\/produkt\\\/tpgs-transporti-i-parave-te-gatshme-dhe-sendeve-me-vlere\\\/\",\"name\":\"TPGS - Cash-in-transit (CIT) or cash\\\/valuables-in-transit (CVIT) | Ardian Rexhepi\",\"isPartOf\":{\"@id\":\"https:\\\/\\\/ardianrexhepi.com\\\/#website\"},\"primaryImageOfPage\":{\"@id\":\"https:\\\/\\\/ardianrexhepi.com\\\/sq\\\/produkt\\\/tpgs-transporti-i-parave-te-gatshme-dhe-sendeve-me-vlere\\\/#primaryimage\"},\"image\":{\"@id\":\"https:\\\/\\\/ardianrexhepi.com\\\/sq\\\/produkt\\\/tpgs-transporti-i-parave-te-gatshme-dhe-sendeve-me-vlere\\\/#primaryimage\"},\"thumbnailUrl\":\"https:\\\/\\\/ardianrexhepi.com\\\/wp-content\\\/uploads\\\/2025\\\/01\\\/PSX_20240603_005609-scaled.jpg\",\"datePublished\":\"2025-01-03T15:59:58+00:00\",\"dateModified\":\"2025-02-02T12:59:30+00:00\",\"breadcrumb\":{\"@id\":\"https:\\\/\\\/ardianrexhepi.com\\\/sq\\\/produkt\\\/tpgs-transporti-i-parave-te-gatshme-dhe-sendeve-me-vlere\\\/#breadcrumb\"},\"inLanguage\":\"sq\",\"potentialAction\":[{\"@type\":\"ReadAction\",\"target\":[\"https:\\\/\\\/ardianrexhepi.com\\\/sq\\\/produkt\\\/tpgs-transporti-i-parave-te-gatshme-dhe-sendeve-me-vlere\\\/\"]}]},{\"@type\":\"ImageObject\",\"inLanguage\":\"sq\",\"@id\":\"https:\\\/\\\/ardianrexhepi.com\\\/sq\\\/produkt\\\/tpgs-transporti-i-parave-te-gatshme-dhe-sendeve-me-vlere\\\/#primaryimage\",\"url\":\"https:\\\/\\\/ardianrexhepi.com\\\/wp-content\\\/uploads\\\/2025\\\/01\\\/PSX_20240603_005609-scaled.jpg\",\"contentUrl\":\"https:\\\/\\\/ardianrexhepi.com\\\/wp-content\\\/uploads\\\/2025\\\/01\\\/PSX_20240603_005609-scaled.jpg\",\"width\":2560,\"height\":1439},{\"@type\":\"BreadcrumbList\",\"@id\":\"https:\\\/\\\/ardianrexhepi.com\\\/sq\\\/produkt\\\/tpgs-transporti-i-parave-te-gatshme-dhe-sendeve-me-vlere\\\/#breadcrumb\",\"itemListElement\":[{\"@type\":\"ListItem\",\"position\":1,\"name\":\"Home\",\"item\":\"https:\\\/\\\/ardianrexhepi.com\\\/\"},{\"@type\":\"ListItem\",\"position\":2,\"name\":\"Shop\",\"item\":\"https:\\\/\\\/ardianrexhepi.com\\\/shop\\\/\"},{\"@type\":\"ListItem\",\"position\":3,\"name\":\"TPGS &#8211; Cash-in-transit (CIT) or cash\\\/valuables-in-transit (CVIT)\"}]},{\"@type\":\"WebSite\",\"@id\":\"https:\\\/\\\/ardianrexhepi.com\\\/#website\",\"url\":\"https:\\\/\\\/ardianrexhepi.com\\\/\",\"name\":\"Ardian Rexhepi\",\"description\":\"CQB CPO EP\",\"publisher\":{\"@id\":\"https:\\\/\\\/ardianrexhepi.com\\\/#organization\"},\"potentialAction\":[{\"@type\":\"SearchAction\",\"target\":{\"@type\":\"EntryPoint\",\"urlTemplate\":\"https:\\\/\\\/ardianrexhepi.com\\\/?s={search_term_string}\"},\"query-input\":{\"@type\":\"PropertyValueSpecification\",\"valueRequired\":true,\"valueName\":\"search_term_string\"}}],\"inLanguage\":\"sq\"},{\"@type\":\"Organization\",\"@id\":\"https:\\\/\\\/ardianrexhepi.com\\\/#organization\",\"name\":\"Ardian Rexhepi\",\"url\":\"https:\\\/\\\/ardianrexhepi.com\\\/\",\"logo\":{\"@type\":\"ImageObject\",\"inLanguage\":\"sq\",\"@id\":\"https:\\\/\\\/ardianrexhepi.com\\\/#\\\/schema\\\/logo\\\/image\\\/\",\"url\":\"https:\\\/\\\/ardianrexhepi.com\\\/wp-content\\\/uploads\\\/2025\\\/01\\\/cropped-logo-ar-png.png\",\"contentUrl\":\"https:\\\/\\\/ardianrexhepi.com\\\/wp-content\\\/uploads\\\/2025\\\/01\\\/cropped-logo-ar-png.png\",\"width\":816,\"height\":261,\"caption\":\"Ardian Rexhepi\"},\"image\":{\"@id\":\"https:\\\/\\\/ardianrexhepi.com\\\/#\\\/schema\\\/logo\\\/image\\\/\"},\"sameAs\":[\"https:\\\/\\\/www.facebook.com\\\/profile.php?id=100031038740761\"]}]}<\/script>\n<!-- \/ Yoast SEO plugin. -->","yoast_head_json":{"title":"TPGS - Cash-in-transit (CIT) or cash\/valuables-in-transit (CVIT) | Ardian Rexhepi","robots":{"index":"index","follow":"follow","max-snippet":"max-snippet:-1","max-image-preview":"max-image-preview:large","max-video-preview":"max-video-preview:-1"},"canonical":"https:\/\/ardianrexhepi.com\/sq\/produkt\/tpgs-transporti-i-parave-te-gatshme-dhe-sendeve-me-vlere\/","og_locale":"sq_AL","og_type":"article","og_title":"TPGS - Cash-in-transit (CIT) or cash\/valuables-in-transit (CVIT) | Ardian Rexhepi","og_description":"We provide all necessary logistic equipment, including protective gear like ear protection, safety goggles, and knee protection. Our tactical gear includes belts, holsters, magazine pouches, long gun slings, and firearms. You'll have access to short guns, such as the Glock 9x19 and SIG Sauer 9x19, and long guns, including the AR 15 5.56, MP5 9x19, and AK 47 cal 7.62. With 100-250 rounds of live fire ammunition per day, you\u2019ll have ample opportunity to sharpen your skills. All you need to bring is your personal tactical uniform, including pants and a shirt. We take care of the rest, offering transportation from the airport, a stay with breakfast included, and transport from the hotel to the training ground. Training sessions last 7 to 9 hours per day, providing an immersive and intensive experience designed to push your limits and enhance your abilities.  To enroll in this elite tactical training, a 50% deposit is required to reserve your spot. Additionally, all participants must submit a criminal background check for verification.","og_url":"https:\/\/ardianrexhepi.com\/sq\/produkt\/tpgs-transporti-i-parave-te-gatshme-dhe-sendeve-me-vlere\/","og_site_name":"Ardian Rexhepi","article_publisher":"https:\/\/www.facebook.com\/profile.php?id=100031038740761","article_modified_time":"2025-02-02T12:59:30+00:00","og_image":[{"width":2560,"height":1439,"url":"https:\/\/ardianrexhepi.com\/wp-content\/uploads\/2025\/01\/PSX_20240603_005609-scaled.jpg","type":"image\/jpeg"}],"twitter_card":"summary_large_image","twitter_misc":{"Est. reading time":"1 minut\u00eb"},"schema":{"@context":"https:\/\/schema.org","@graph":[{"@type":"WebPage","@id":"https:\/\/ardianrexhepi.com\/sq\/produkt\/tpgs-transporti-i-parave-te-gatshme-dhe-sendeve-me-vlere\/","url":"https:\/\/ardianrexhepi.com\/sq\/produkt\/tpgs-transporti-i-parave-te-gatshme-dhe-sendeve-me-vlere\/","name":"TPGS - Cash-in-transit (CIT) or cash\/valuables-in-transit (CVIT) | Ardian Rexhepi","isPartOf":{"@id":"https:\/\/ardianrexhepi.com\/#website"},"primaryImageOfPage":{"@id":"https:\/\/ardianrexhepi.com\/sq\/produkt\/tpgs-transporti-i-parave-te-gatshme-dhe-sendeve-me-vlere\/#primaryimage"},"image":{"@id":"https:\/\/ardianrexhepi.com\/sq\/produkt\/tpgs-transporti-i-parave-te-gatshme-dhe-sendeve-me-vlere\/#primaryimage"},"thumbnailUrl":"https:\/\/ardianrexhepi.com\/wp-content\/uploads\/2025\/01\/PSX_20240603_005609-scaled.jpg","datePublished":"2025-01-03T15:59:58+00:00","dateModified":"2025-02-02T12:59:30+00:00","breadcrumb":{"@id":"https:\/\/ardianrexhepi.com\/sq\/produkt\/tpgs-transporti-i-parave-te-gatshme-dhe-sendeve-me-vlere\/#breadcrumb"},"inLanguage":"sq","potentialAction":[{"@type":"ReadAction","target":["https:\/\/ardianrexhepi.com\/sq\/produkt\/tpgs-transporti-i-parave-te-gatshme-dhe-sendeve-me-vlere\/"]}]},{"@type":"ImageObject","inLanguage":"sq","@id":"https:\/\/ardianrexhepi.com\/sq\/produkt\/tpgs-transporti-i-parave-te-gatshme-dhe-sendeve-me-vlere\/#primaryimage","url":"https:\/\/ardianrexhepi.com\/wp-content\/uploads\/2025\/01\/PSX_20240603_005609-scaled.jpg","contentUrl":"https:\/\/ardianrexhepi.com\/wp-content\/uploads\/2025\/01\/PSX_20240603_005609-scaled.jpg","width":2560,"height":1439},{"@type":"BreadcrumbList","@id":"https:\/\/ardianrexhepi.com\/sq\/produkt\/tpgs-transporti-i-parave-te-gatshme-dhe-sendeve-me-vlere\/#breadcrumb","itemListElement":[{"@type":"ListItem","position":1,"name":"Home","item":"https:\/\/ardianrexhepi.com\/"},{"@type":"ListItem","position":2,"name":"Shop","item":"https:\/\/ardianrexhepi.com\/shop\/"},{"@type":"ListItem","position":3,"name":"TPGS &#8211; Cash-in-transit (CIT) or cash\/valuables-in-transit (CVIT)"}]},{"@type":"WebSite","@id":"https:\/\/ardianrexhepi.com\/#website","url":"https:\/\/ardianrexhepi.com\/","name":"Ardian Rexhepi","description":"CQB CPO EP","publisher":{"@id":"https:\/\/ardianrexhepi.com\/#organization"},"potentialAction":[{"@type":"SearchAction","target":{"@type":"EntryPoint","urlTemplate":"https:\/\/ardianrexhepi.com\/?s={search_term_string}"},"query-input":{"@type":"PropertyValueSpecification","valueRequired":true,"valueName":"search_term_string"}}],"inLanguage":"sq"},{"@type":"Organization","@id":"https:\/\/ardianrexhepi.com\/#organization","name":"Ardian Rexhepi","url":"https:\/\/ardianrexhepi.com\/","logo":{"@type":"ImageObject","inLanguage":"sq","@id":"https:\/\/ardianrexhepi.com\/#\/schema\/logo\/image\/","url":"https:\/\/ardianrexhepi.com\/wp-content\/uploads\/2025\/01\/cropped-logo-ar-png.png","contentUrl":"https:\/\/ardianrexhepi.com\/wp-content\/uploads\/2025\/01\/cropped-logo-ar-png.png","width":816,"height":261,"caption":"Ardian Rexhepi"},"image":{"@id":"https:\/\/ardianrexhepi.com\/#\/schema\/logo\/image\/"},"sameAs":["https:\/\/www.facebook.com\/profile.php?id=100031038740761"]}]}},"_links":{"self":[{"href":"https:\/\/ardianrexhepi.com\/sq\/wp-json\/wp\/v2\/product\/1134","targetHints":{"allow":["GET"]}}],"collection":[{"href":"https:\/\/ardianrexhepi.com\/sq\/wp-json\/wp\/v2\/product"}],"about":[{"href":"https:\/\/ardianrexhepi.com\/sq\/wp-json\/wp\/v2\/types\/product"}],"replies":[{"embeddable":true,"href":"https:\/\/ardianrexhepi.com\/sq\/wp-json\/wp\/v2\/comments?post=1134"}],"wp:featuredmedia":[{"embeddable":true,"href":"https:\/\/ardianrexhepi.com\/sq\/wp-json\/wp\/v2\/media\/1142"}],"wp:attachment":[{"href":"https:\/\/ardianrexhepi.com\/sq\/wp-json\/wp\/v2\/media?parent=1134"}],"wp:term":[{"taxonomy":"product_brand","embeddable":true,"href":"https:\/\/ardianrexhepi.com\/sq\/wp-json\/wp\/v2\/product_brand?post=1134"},{"taxonomy":"product_cat","embeddable":true,"href":"https:\/\/ardianrexhepi.com\/sq\/wp-json\/wp\/v2\/product_cat?post=1134"},{"taxonomy":"product_tag","embeddable":true,"href":"https:\/\/ardianrexhepi.com\/sq\/wp-json\/wp\/v2\/product_tag?post=1134"}],"curies":[{"name":"wp","href":"https:\/\/api.w.org\/{rel}","templated":true}]}}