{"id":1117,"date":"2025-01-02T21:52:04","date_gmt":"2025-01-02T21:52:04","guid":{"rendered":"https:\/\/ardianrexhepi.com\/?post_type=product&#038;p=1117"},"modified":"2025-09-23T08:42:15","modified_gmt":"2025-09-23T08:42:15","slug":"tactical-1-6","status":"publish","type":"product","link":"https:\/\/ardianrexhepi.com\/sq\/produkt\/tactical-1-6\/","title":{"rendered":"Tactical 1 &#038; 6"},"content":{"rendered":"<p><strong>Ceremonia e siguris\u00eb<\/strong><\/p>\n<p><strong>Zbulimi i syrit dhe dor\u00ebs dominante<\/strong><\/p>\n<p><strong>Funksionimi dhe mosfunksionimi i mekanizmit t\u00eb arm\u00ebs s\u00eb shkurt\u00eb dhe t\u00eb gjat\u00eb<\/strong><\/p>\n<p><strong>L\u00ebvizjet trupore me arm\u00eb t\u00eb shkurt\u00eb dhe t\u00eb gjat\u00eb<\/strong><\/p>\n<p><strong>Mbajtja e fshehur dhe e dukshme e arm\u00ebs n\u00eb brez ose n\u00eb k\u00ebmb\u00eb<\/strong><\/p>\n<p><strong>Nd\u00ebrrimi i karikatorit - statik, gjunj\u00eb dhe l\u00ebvizje<\/strong><\/p>\n<p><strong>Gjuajtje n\u00eb distanc\u00eb t\u00eb shkurt\u00eb dhe t\u00eb gjat\u00eb, p\u00ebrdorimi i boom - click dhe gjuajtje t\u00eb nj\u00ebpasnj\u00ebshme (rapid shoot) automatik dhe gjysm\u00eb-automatik<\/strong><\/p>\n<p><strong>Gjuajtje live fire<\/strong><\/p>\n<p><strong>TAKTIKA 3 &amp; 4 Dita 2<\/strong><\/p>\n<p><strong>Mbrojtja n\u00eb sht\u00ebpi - HOME DEFENSE<\/strong><\/p>\n<p><strong>Skanimi i dhom\u00ebs n\u00eb form\u00eb katrore, korridore (shkronjat L &amp; I)<\/strong><\/p>\n<p><strong>Pastrimi i hyrjes n\u00eb dhom\u00eb - nj\u00eb agjent, individual (punojm\u00eb that\u00eb dry)<\/strong><\/p>\n<p><strong>Pastrimi i dhom\u00ebs - dy agjent\u00eb ose ekip (punojm\u00eb that\u00eb dry)<\/strong><\/p>\n<p><strong>P\u00ebrgjigje kund\u00ebr gjuajt\u00ebs aktiv - (punojm\u00eb that\u00eb)<\/strong><\/p>\n<p><strong>Skenar LIVE FIRE<\/strong><\/p>\n<p><strong>TAKTIKA 5 Dita 3<\/strong><\/p>\n<p><strong>Dy ose tri dhoma - pastrim dhomash nj\u00eb agjent ose m\u00eb shum\u00eb (punojm\u00eb that\u00eb dry)<\/strong><\/p>\n<p><strong>P\u00ebrgjigje kund\u00ebr gjuajt\u00ebsve aktiv, metoda nga sistemi yn\u00eb sulmues izraelit (punojm\u00eb that\u00eb dry)<\/strong><\/p>\n<p><strong>P\u00ebrgjigja kund\u00ebr gjuajt\u00ebsve aktiv - live fire - skenar\u00eb t\u00eb ndrysh\u00ebm<\/strong><\/p>\n<p><strong>P\u00ebrdorimi i arm\u00ebs s\u00eb shkurt\u00eb dhe t\u00eb gjat\u00eb, brenda n\u00eb vetur\u00eb (punojm\u00eb that\u00eb dry)<\/strong><\/p>\n<p><strong>L\u00ebvizjet me vetur\u00eb, rurale dhe urbane + prita (ambush) teori dhe praktik\u00eb<\/strong><\/p>\n<p><strong>Skenar\u00eb LIVE FIRE 100 - 300 fishek\u00eb, arm\u00eb t\u00eb shkurta dhe t\u00eb gjata kalib\u00ebr 9 mm, kalibri i gjat\u00eb 556, 762<\/strong><\/p>\n<p><strong>TAKTIKA 6 Dita 4<\/strong><\/p>\n<p><strong>Dy agjent\u00eb punojn\u00eb s\u00eb bashku, skenar\u00eb live fire<\/strong><\/p>\n<p><strong>Pastrim dhomash individual live fire<\/strong><\/p>\n<p><strong>Gjuajtje nga vetura statik dhe pastrim dhomash individual (dy agjent\u00eb punojn\u00eb s\u00eb bashku)<\/strong><\/p>\n<p><strong>Skenar\u00eb live fire, p\u00ebrmbledhja e komplet trajnimit<\/strong><\/p>\n<p><strong>Shp\u00ebrndarja e diplomave t\u00eb student\u00ebve certifikat<\/strong><\/p>\n<p><strong>V\u00ebrejtje: Student\u00ebt do t\u00eb vler\u00ebsohen sipas performanc\u00ebs gjat\u00eb trajnimit. Ata t\u00eb cil\u00ebt nuk arrijn\u00eb nga shkalla e par\u00eb n\u00eb shkall\u00ebn e dyt\u00eb nuk kualifikohen p\u00ebr nivelet tjera.<\/strong><\/p>","protected":false},"excerpt":{"rendered":"<p><strong>Ne ofrojm\u00eb t\u00eb gjith\u00eb pajisjet e nevojshme logjistike, duke p\u00ebrfshir\u00eb pajisjet mbrojt\u00ebse si mbrojt\u00ebse p\u00ebr vesh\u00ebt, syze mbrojt\u00ebse dhe mbrojt\u00ebse p\u00ebr gjunj\u00eb. Pajisjet tona taktike p\u00ebrfshijn\u00eb breza, mbajt\u00ebse, xhepa p\u00ebr magazinat, rripa p\u00ebr arm\u00eb t\u00eb gjata dhe arm\u00eb zjarri. Ju do t\u00eb keni qasje n\u00eb arm\u00eb t\u00eb shkurtra, si Glock 9x19 dhe SIG Sauer 9x19, dhe arm\u00eb t\u00eb gjata, duke p\u00ebrfshir\u00eb AR 15 5.56, MP5 9x19 dhe AK 47 cal 7.62. Me 100-250 fishek\u00eb t\u00eb gjall\u00eb n\u00eb dit\u00eb, ju do t\u00eb keni mund\u00ebsi t\u00eb mjaftueshme p\u00ebr t\u00eb p\u00ebrmir\u00ebsuar aft\u00ebsit\u00eb tuaja. Gjith\u00e7ka q\u00eb duhet t\u00eb sillni \u00ebsht\u00eb uniforma juaj personale taktike, duke p\u00ebrfshir\u00eb pantallonat dhe k\u00ebmish\u00ebn. Ne kujdesemi p\u00ebr pjes\u00ebn tjet\u00ebr, duke ofruar transport nga aeroporti, nj\u00eb q\u00ebndrim me m\u00ebngjes t\u00eb p\u00ebrfshir\u00eb, dhe transport nga hoteli n\u00eb terrenin e st\u00ebrvitjes. Seancat e st\u00ebrvitjes zgjasin 7 deri n\u00eb 9 or\u00eb n\u00eb dit\u00eb, duke ofruar nj\u00eb p\u00ebrvoj\u00eb t\u00eb thell\u00eb dhe intensive t\u00eb dizajnuar p\u00ebr t\u00eb shtyr\u00eb kufijt\u00eb tuaj dhe p\u00ebr t\u00eb p\u00ebrmir\u00ebsuar aft\u00ebsit\u00eb tuaja.<\/strong><\/p>\n<p><strong>P\u00ebr t'u regjistruar n\u00eb k\u00ebt\u00eb trajnim taktik elitar, k\u00ebrkohet nj\u00eb depozit\u00eb prej 50% p\u00ebr t\u00eb rezervuar vendin tuaj. P\u00ebrve\u00e7 k\u00ebsaj, t\u00eb gjith\u00eb pjes\u00ebmarr\u00ebsit duhet t\u00eb dor\u00ebzojn\u00eb nj\u00eb dokument t\u00eb t\u00eb kaluar\u00ebs kriminale p\u00ebr verifikim.<\/strong><\/p>","protected":false},"featured_media":1582,"comment_status":"closed","ping_status":"closed","template":"","meta":[],"product_brand":[],"product_cat":[53],"product_tag":[],"class_list":{"0":"post-1117","1":"product","2":"type-product","3":"status-publish","4":"has-post-thumbnail","6":"product_cat-civil","8":"first","9":"instock","10":"shipping-taxable","11":"purchasable","12":"product-type-simple"},"yoast_head":"<!-- This site is optimized with the Yoast SEO plugin v27.4 - https:\/\/yoast.com\/product\/yoast-seo-wordpress\/ -->\n<title>Tactical 1 &amp; 6 | Ardian Rexhepi<\/title>\n<meta name=\"robots\" content=\"index, follow, max-snippet:-1, max-image-preview:large, max-video-preview:-1\" \/>\n<link rel=\"canonical\" href=\"https:\/\/ardianrexhepi.com\/sq\/produkt\/tactical-1-6\/\" \/>\n<meta property=\"og:locale\" content=\"sq_AL\" \/>\n<meta property=\"og:type\" content=\"article\" \/>\n<meta property=\"og:title\" content=\"Tactical 1 &amp; 6 | Ardian Rexhepi\" \/>\n<meta property=\"og:description\" content=\"We provide all necessary logistic equipment, including protective gear like ear protection, safety goggles, and knee protection. Our tactical gear includes belts, holsters, magazine pouches, long gun slings, and firearms. You&#039;ll have access to short guns, such as the Glock 9x19 and SIG Sauer 9x19, and long guns, including the AR 15 5.56, MP5 9x19, and AK 47 cal 7.62. With 100-250 rounds of live fire ammunition per day, you\u2019ll have ample opportunity to sharpen your skills. All you need to bring is your personal tactical uniform, including pants and a shirt. We take care of the rest, offering transportation from the airport, a stay with breakfast included, and transport from the hotel to the training ground. Training sessions last 7 to 9 hours per day, providing an immersive and intensive experience designed to push your limits and enhance your abilities.  To enroll in this elite tactical training, a 50% deposit is required to reserve your spot. Additionally, all participants must submit a criminal background check for verification.\" \/>\n<meta property=\"og:url\" content=\"https:\/\/ardianrexhepi.com\/sq\/produkt\/tactical-1-6\/\" \/>\n<meta property=\"og:site_name\" content=\"Ardian Rexhepi\" \/>\n<meta property=\"article:publisher\" content=\"https:\/\/www.facebook.com\/profile.php?id=100031038740761\" \/>\n<meta property=\"article:modified_time\" content=\"2025-09-23T08:42:15+00:00\" \/>\n<meta property=\"og:image\" content=\"https:\/\/ardianrexhepi.com\/wp-content\/uploads\/2025\/01\/ARDIAN-FIRE.jpg\" \/>\n\t<meta property=\"og:image:width\" content=\"1600\" \/>\n\t<meta property=\"og:image:height\" content=\"902\" \/>\n\t<meta property=\"og:image:type\" content=\"image\/jpeg\" \/>\n<meta name=\"twitter:card\" content=\"summary_large_image\" \/>\n<meta name=\"twitter:label1\" content=\"Est. reading time\" \/>\n\t<meta name=\"twitter:data1\" content=\"2 minuta\" \/>\n<script type=\"application\/ld+json\" class=\"yoast-schema-graph\">{\"@context\":\"https:\\\/\\\/schema.org\",\"@graph\":[{\"@type\":\"WebPage\",\"@id\":\"https:\\\/\\\/ardianrexhepi.com\\\/product\\\/tactical-1-6\\\/\",\"url\":\"https:\\\/\\\/ardianrexhepi.com\\\/product\\\/tactical-1-6\\\/\",\"name\":\"Tactical 1 & 6 | Ardian Rexhepi\",\"isPartOf\":{\"@id\":\"https:\\\/\\\/ardianrexhepi.com\\\/#website\"},\"primaryImageOfPage\":{\"@id\":\"https:\\\/\\\/ardianrexhepi.com\\\/product\\\/tactical-1-6\\\/#primaryimage\"},\"image\":{\"@id\":\"https:\\\/\\\/ardianrexhepi.com\\\/product\\\/tactical-1-6\\\/#primaryimage\"},\"thumbnailUrl\":\"https:\\\/\\\/ardianrexhepi.com\\\/wp-content\\\/uploads\\\/2025\\\/01\\\/ARDIAN-FIRE.jpg\",\"datePublished\":\"2025-01-02T21:52:04+00:00\",\"dateModified\":\"2025-09-23T08:42:15+00:00\",\"breadcrumb\":{\"@id\":\"https:\\\/\\\/ardianrexhepi.com\\\/product\\\/tactical-1-6\\\/#breadcrumb\"},\"inLanguage\":\"sq\",\"potentialAction\":[{\"@type\":\"ReadAction\",\"target\":[\"https:\\\/\\\/ardianrexhepi.com\\\/product\\\/tactical-1-6\\\/\"]}]},{\"@type\":\"ImageObject\",\"inLanguage\":\"sq\",\"@id\":\"https:\\\/\\\/ardianrexhepi.com\\\/product\\\/tactical-1-6\\\/#primaryimage\",\"url\":\"https:\\\/\\\/ardianrexhepi.com\\\/wp-content\\\/uploads\\\/2025\\\/01\\\/ARDIAN-FIRE.jpg\",\"contentUrl\":\"https:\\\/\\\/ardianrexhepi.com\\\/wp-content\\\/uploads\\\/2025\\\/01\\\/ARDIAN-FIRE.jpg\",\"width\":1600,\"height\":902},{\"@type\":\"BreadcrumbList\",\"@id\":\"https:\\\/\\\/ardianrexhepi.com\\\/product\\\/tactical-1-6\\\/#breadcrumb\",\"itemListElement\":[{\"@type\":\"ListItem\",\"position\":1,\"name\":\"Home\",\"item\":\"https:\\\/\\\/ardianrexhepi.com\\\/\"},{\"@type\":\"ListItem\",\"position\":2,\"name\":\"Shop\",\"item\":\"https:\\\/\\\/ardianrexhepi.com\\\/shop\\\/\"},{\"@type\":\"ListItem\",\"position\":3,\"name\":\"Tactical 1 &#038; 6\"}]},{\"@type\":\"WebSite\",\"@id\":\"https:\\\/\\\/ardianrexhepi.com\\\/#website\",\"url\":\"https:\\\/\\\/ardianrexhepi.com\\\/\",\"name\":\"Ardian Rexhepi\",\"description\":\"CQB CPO EP\",\"publisher\":{\"@id\":\"https:\\\/\\\/ardianrexhepi.com\\\/#organization\"},\"potentialAction\":[{\"@type\":\"SearchAction\",\"target\":{\"@type\":\"EntryPoint\",\"urlTemplate\":\"https:\\\/\\\/ardianrexhepi.com\\\/?s={search_term_string}\"},\"query-input\":{\"@type\":\"PropertyValueSpecification\",\"valueRequired\":true,\"valueName\":\"search_term_string\"}}],\"inLanguage\":\"sq\"},{\"@type\":\"Organization\",\"@id\":\"https:\\\/\\\/ardianrexhepi.com\\\/#organization\",\"name\":\"Ardian Rexhepi\",\"url\":\"https:\\\/\\\/ardianrexhepi.com\\\/\",\"logo\":{\"@type\":\"ImageObject\",\"inLanguage\":\"sq\",\"@id\":\"https:\\\/\\\/ardianrexhepi.com\\\/#\\\/schema\\\/logo\\\/image\\\/\",\"url\":\"https:\\\/\\\/ardianrexhepi.com\\\/wp-content\\\/uploads\\\/2025\\\/01\\\/cropped-logo-ar-png.png\",\"contentUrl\":\"https:\\\/\\\/ardianrexhepi.com\\\/wp-content\\\/uploads\\\/2025\\\/01\\\/cropped-logo-ar-png.png\",\"width\":816,\"height\":261,\"caption\":\"Ardian Rexhepi\"},\"image\":{\"@id\":\"https:\\\/\\\/ardianrexhepi.com\\\/#\\\/schema\\\/logo\\\/image\\\/\"},\"sameAs\":[\"https:\\\/\\\/www.facebook.com\\\/profile.php?id=100031038740761\"]}]}<\/script>\n<!-- \/ Yoast SEO plugin. -->","yoast_head_json":{"title":"Tactical 1 & 6 | Ardian Rexhepi","robots":{"index":"index","follow":"follow","max-snippet":"max-snippet:-1","max-image-preview":"max-image-preview:large","max-video-preview":"max-video-preview:-1"},"canonical":"https:\/\/ardianrexhepi.com\/sq\/produkt\/tactical-1-6\/","og_locale":"sq_AL","og_type":"article","og_title":"Tactical 1 & 6 | Ardian Rexhepi","og_description":"We provide all necessary logistic equipment, including protective gear like ear protection, safety goggles, and knee protection. Our tactical gear includes belts, holsters, magazine pouches, long gun slings, and firearms. You'll have access to short guns, such as the Glock 9x19 and SIG Sauer 9x19, and long guns, including the AR 15 5.56, MP5 9x19, and AK 47 cal 7.62. With 100-250 rounds of live fire ammunition per day, you\u2019ll have ample opportunity to sharpen your skills. All you need to bring is your personal tactical uniform, including pants and a shirt. We take care of the rest, offering transportation from the airport, a stay with breakfast included, and transport from the hotel to the training ground. Training sessions last 7 to 9 hours per day, providing an immersive and intensive experience designed to push your limits and enhance your abilities.  To enroll in this elite tactical training, a 50% deposit is required to reserve your spot. Additionally, all participants must submit a criminal background check for verification.","og_url":"https:\/\/ardianrexhepi.com\/sq\/produkt\/tactical-1-6\/","og_site_name":"Ardian Rexhepi","article_publisher":"https:\/\/www.facebook.com\/profile.php?id=100031038740761","article_modified_time":"2025-09-23T08:42:15+00:00","og_image":[{"width":1600,"height":902,"url":"https:\/\/ardianrexhepi.com\/wp-content\/uploads\/2025\/01\/ARDIAN-FIRE.jpg","type":"image\/jpeg"}],"twitter_card":"summary_large_image","twitter_misc":{"Est. reading time":"2 minuta"},"schema":{"@context":"https:\/\/schema.org","@graph":[{"@type":"WebPage","@id":"https:\/\/ardianrexhepi.com\/product\/tactical-1-6\/","url":"https:\/\/ardianrexhepi.com\/product\/tactical-1-6\/","name":"Tactical 1 & 6 | Ardian Rexhepi","isPartOf":{"@id":"https:\/\/ardianrexhepi.com\/#website"},"primaryImageOfPage":{"@id":"https:\/\/ardianrexhepi.com\/product\/tactical-1-6\/#primaryimage"},"image":{"@id":"https:\/\/ardianrexhepi.com\/product\/tactical-1-6\/#primaryimage"},"thumbnailUrl":"https:\/\/ardianrexhepi.com\/wp-content\/uploads\/2025\/01\/ARDIAN-FIRE.jpg","datePublished":"2025-01-02T21:52:04+00:00","dateModified":"2025-09-23T08:42:15+00:00","breadcrumb":{"@id":"https:\/\/ardianrexhepi.com\/product\/tactical-1-6\/#breadcrumb"},"inLanguage":"sq","potentialAction":[{"@type":"ReadAction","target":["https:\/\/ardianrexhepi.com\/product\/tactical-1-6\/"]}]},{"@type":"ImageObject","inLanguage":"sq","@id":"https:\/\/ardianrexhepi.com\/product\/tactical-1-6\/#primaryimage","url":"https:\/\/ardianrexhepi.com\/wp-content\/uploads\/2025\/01\/ARDIAN-FIRE.jpg","contentUrl":"https:\/\/ardianrexhepi.com\/wp-content\/uploads\/2025\/01\/ARDIAN-FIRE.jpg","width":1600,"height":902},{"@type":"BreadcrumbList","@id":"https:\/\/ardianrexhepi.com\/product\/tactical-1-6\/#breadcrumb","itemListElement":[{"@type":"ListItem","position":1,"name":"Home","item":"https:\/\/ardianrexhepi.com\/"},{"@type":"ListItem","position":2,"name":"Shop","item":"https:\/\/ardianrexhepi.com\/shop\/"},{"@type":"ListItem","position":3,"name":"Tactical 1 &#038; 6"}]},{"@type":"WebSite","@id":"https:\/\/ardianrexhepi.com\/#website","url":"https:\/\/ardianrexhepi.com\/","name":"Ardian Rexhepi","description":"CQB CPO EP","publisher":{"@id":"https:\/\/ardianrexhepi.com\/#organization"},"potentialAction":[{"@type":"SearchAction","target":{"@type":"EntryPoint","urlTemplate":"https:\/\/ardianrexhepi.com\/?s={search_term_string}"},"query-input":{"@type":"PropertyValueSpecification","valueRequired":true,"valueName":"search_term_string"}}],"inLanguage":"sq"},{"@type":"Organization","@id":"https:\/\/ardianrexhepi.com\/#organization","name":"Ardian Rexhepi","url":"https:\/\/ardianrexhepi.com\/","logo":{"@type":"ImageObject","inLanguage":"sq","@id":"https:\/\/ardianrexhepi.com\/#\/schema\/logo\/image\/","url":"https:\/\/ardianrexhepi.com\/wp-content\/uploads\/2025\/01\/cropped-logo-ar-png.png","contentUrl":"https:\/\/ardianrexhepi.com\/wp-content\/uploads\/2025\/01\/cropped-logo-ar-png.png","width":816,"height":261,"caption":"Ardian Rexhepi"},"image":{"@id":"https:\/\/ardianrexhepi.com\/#\/schema\/logo\/image\/"},"sameAs":["https:\/\/www.facebook.com\/profile.php?id=100031038740761"]}]}},"_links":{"self":[{"href":"https:\/\/ardianrexhepi.com\/sq\/wp-json\/wp\/v2\/product\/1117","targetHints":{"allow":["GET"]}}],"collection":[{"href":"https:\/\/ardianrexhepi.com\/sq\/wp-json\/wp\/v2\/product"}],"about":[{"href":"https:\/\/ardianrexhepi.com\/sq\/wp-json\/wp\/v2\/types\/product"}],"replies":[{"embeddable":true,"href":"https:\/\/ardianrexhepi.com\/sq\/wp-json\/wp\/v2\/comments?post=1117"}],"wp:featuredmedia":[{"embeddable":true,"href":"https:\/\/ardianrexhepi.com\/sq\/wp-json\/wp\/v2\/media\/1582"}],"wp:attachment":[{"href":"https:\/\/ardianrexhepi.com\/sq\/wp-json\/wp\/v2\/media?parent=1117"}],"wp:term":[{"taxonomy":"product_brand","embeddable":true,"href":"https:\/\/ardianrexhepi.com\/sq\/wp-json\/wp\/v2\/product_brand?post=1117"},{"taxonomy":"product_cat","embeddable":true,"href":"https:\/\/ardianrexhepi.com\/sq\/wp-json\/wp\/v2\/product_cat?post=1117"},{"taxonomy":"product_tag","embeddable":true,"href":"https:\/\/ardianrexhepi.com\/sq\/wp-json\/wp\/v2\/product_tag?post=1117"}],"curies":[{"name":"wp","href":"https:\/\/api.w.org\/{rel}","templated":true}]}}