{"id":629,"date":"2022-06-10T19:30:38","date_gmt":"2022-06-10T19:30:38","guid":{"rendered":"https:\/\/demo.themedraft.net\/wp\/doctio\/?page_id=629"},"modified":"2025-01-24T19:58:08","modified_gmt":"2025-01-24T19:58:08","slug":"contact","status":"publish","type":"page","link":"https:\/\/ardianrexhepi.com\/sq\/contact\/","title":{"rendered":"Kontakt"},"content":{"rendered":"<div data-elementor-type=\"wp-page\" data-elementor-id=\"629\" class=\"elementor elementor-629\">\n\t\t\t\t\t\t<section class=\"elementor-section elementor-top-section elementor-element elementor-element-30b75775 elementor-section-full_width elementor-section-stretched elementor-section-height-default elementor-section-height-default\" data-id=\"30b75775\" data-element_type=\"section\" data-e-type=\"section\" data-settings=\"{&quot;stretch_section&quot;:&quot;section-stretched&quot;}\">\n\t\t\t\t\t\t<div class=\"elementor-container elementor-column-gap-default\">\n\t\t\t\t\t<div class=\"elementor-column elementor-col-100 elementor-top-column elementor-element elementor-element-2d909e12\" data-id=\"2d909e12\" data-element_type=\"column\" data-e-type=\"column\">\n\t\t\t<div class=\"elementor-widget-wrap elementor-element-populated\">\n\t\t\t\t\t\t<div class=\"elementor-element elementor-element-50599d5b elementor-widget elementor-widget-themedraft_section_title\" data-id=\"50599d5b\" data-element_type=\"widget\" data-e-type=\"widget\" data-widget_type=\"themedraft_section_title.default\">\n\t\t\t\t<div class=\"elementor-widget-container\">\n\t\t\t\t\t\n\t\t<div class=\"td-section-title-wrapper\">\n            <div class=\"td-section-title-content td-secondary-font\">\n                                    <div class=\"td-section-title-bg-text\">\n                        Kontakt                    <\/div>\n                \n                                    <div class=\"td-section-subtitle td-primary-color\">\n                        Kontakto                    <\/div>\n                \n                                    <div class=\"td-section-title\">\n                        <h2>Ndihuni T\u00eb Lir\u00eb T\u00eb Na Kontaktoni<\/h2>                    <\/div>\n                                        <div class=\"title-bottom-line\" style=\"background-image: url(https:\/\/ardianrexhepi.com\/wp-content\/uploads\/2025\/01\/blue.jpg)\"><\/div>\n                                                <\/div>\n\t\t<\/div>\n\t\t\t\t\t\t<\/div>\n\t\t\t\t<\/div>\n\t\t\t\t<div class=\"elementor-element elementor-element-122b0723 elementor-invisible elementor-widget elementor-widget-themedraft_contact_details_box\" data-id=\"122b0723\" data-element_type=\"widget\" data-e-type=\"widget\" data-settings=\"{&quot;_animation&quot;:&quot;fadeIn&quot;}\" data-widget_type=\"themedraft_contact_details_box.default\">\n\t\t\t\t<div class=\"elementor-widget-container\">\n\t\t\t\t\t\n\t\t<div class=\"contact-details container\">\n            <div class=\"row\">\n                                        <div class=\"col-xl-4 col-lg-6 col-md-6\">\n                            <div class=\"td-contact-details-box td-transition\">\n                                <div class=\"td-contact-details-box-icon  td-transition td-primary-color\">\n                                    \n                                        <i aria-hidden=\"true\" class=\"td-icon flaticon-maps-and-flags\"><\/i>\n                                                                    <\/div>\n                                <h4 class=\"td-contact-box-title td-transition\">Adresa<\/h4>\n\n                                <p>Prishtin\u00eb, 10000 Kosov\u00eb<\/p><p>\u00a0<\/p>                            <\/div>\n                        <\/div>\n                                            <div class=\"col-xl-4 col-lg-6 col-md-6\">\n                            <div class=\"td-contact-details-box td-transition\">\n                                <div class=\"td-contact-details-box-icon  td-transition td-primary-color\">\n                                    \n                                        <i aria-hidden=\"true\" class=\"td-icon flaticon-mail-inbox-app\"><\/i>\n                                                                    <\/div>\n                                <h4 class=\"td-contact-box-title td-transition\">Email:<\/h4>\n\n                                <p><a href=\"mailto:info@ardianrexhepi.com\">info@ardianrexhepi.com<\/a><\/p><p>\u00a0<\/p>                            <\/div>\n                        <\/div>\n                                            <div class=\"col-xl-4 col-lg-6 col-md-6\">\n                            <div class=\"td-contact-details-box td-transition\">\n                                <div class=\"td-contact-details-box-icon  td-transition td-primary-color\">\n                                    \n                                        <i aria-hidden=\"true\" class=\"td-icon flaticon-time\"><\/i>\n                                                                    <\/div>\n                                <h4 class=\"td-contact-box-title td-transition\">Orari<\/h4>\n\n                                <p>E h\u00ebn\u00eb - E Premte<\/p><p>9am - 5pm<\/p>                            <\/div>\n                        <\/div>\n                                <\/div>\n\t\t<\/div>\n\n\t\t\t\t\t\t<\/div>\n\t\t\t\t<\/div>\n\t\t\t\t\t<\/div>\n\t\t<\/div>\n\t\t\t\t\t<\/div>\n\t\t<\/section>\n\t\t\t\t<section class=\"elementor-section elementor-top-section elementor-element elementor-element-6b964a2 elementor-section-stretched elementor-section-boxed elementor-section-height-default elementor-section-height-default\" data-id=\"6b964a2\" data-element_type=\"section\" data-e-type=\"section\" data-settings=\"{&quot;stretch_section&quot;:&quot;section-stretched&quot;}\">\n\t\t\t\t\t\t<div class=\"elementor-container elementor-column-gap-default\">\n\t\t\t\t\t<div class=\"elementor-column elementor-col-33 elementor-top-column elementor-element elementor-element-e33826b\" data-id=\"e33826b\" data-element_type=\"column\" data-e-type=\"column\">\n\t\t\t<div class=\"elementor-widget-wrap elementor-element-populated\">\n\t\t\t\t\t\t<div class=\"elementor-element elementor-element-e61cecd elementor-widget elementor-widget-themedraft_section_title\" data-id=\"e61cecd\" data-element_type=\"widget\" data-e-type=\"widget\" data-widget_type=\"themedraft_section_title.default\">\n\t\t\t\t<div class=\"elementor-widget-container\">\n\t\t\t\t\t\n\t\t<div class=\"td-section-title-wrapper\">\n            <div class=\"td-section-title-content td-secondary-font\">\n                                    <div class=\"td-section-title-bg-text left\">\n                        FAQs                    <\/div>\n                \n                                    <div class=\"td-section-subtitle td-primary-color\">\n                        Keni ndonj\u00eb pyetje                    <\/div>\n                \n                                    <div class=\"td-section-title\">\n                        <h2>Pyetjet m\u00eb t\u00eb shpeshta rreth nesh<\/h2>                    <\/div>\n                                        <div class=\"title-bottom-line\" style=\"background-image: url(https:\/\/demo.themedraft.net\/wp\/doctio\/wp-content\/uploads\/2022\/06\/line-8.png)\"><\/div>\n                                                <\/div>\n\t\t<\/div>\n\t\t\t\t\t\t<\/div>\n\t\t\t\t<\/div>\n\t\t\t\t<div class=\"elementor-element elementor-element-dfb019b elementor-widget elementor-widget-themedraft_text\" data-id=\"dfb019b\" data-element_type=\"widget\" data-e-type=\"widget\" data-widget_type=\"themedraft_text.default\">\n\t\t\t\t<div class=\"elementor-widget-container\">\n\t\t\t\t\t\n\t\t<div class=\"td-text-wrapper\">\n\t\t\t<p>N\u00ebse keni ndonj\u00eb pyetje, ju lutem mos hezitoni t\u00eb na d\u00ebrgoni nj\u00eb email n\u00eb: <a href=\"mailto:info@ardianrexhepi.com\">info@ardianrexhepi.com<\/a> ose plot\u00ebsoni form\u00ebn m\u00eb posht\u00eb.<\/p>\n            \t\t<\/div>\n\n\t\t\t\t\t\t<\/div>\n\t\t\t\t<\/div>\n\t\t\t\t\t<\/div>\n\t\t<\/div>\n\t\t\t\t<div class=\"elementor-column elementor-col-66 elementor-top-column elementor-element elementor-element-f1ba5d9\" data-id=\"f1ba5d9\" data-element_type=\"column\" data-e-type=\"column\">\n\t\t\t<div class=\"elementor-widget-wrap elementor-element-populated\">\n\t\t\t\t\t\t<div class=\"elementor-element elementor-element-41a87ad elementor-widget elementor-widget-themeDraft_accordion\" data-id=\"41a87ad\" data-element_type=\"widget\" data-e-type=\"widget\" data-widget_type=\"themeDraft_accordion.default\">\n\t\t\t\t<div class=\"elementor-widget-container\">\n\t\t\t\t\t        <div class=\"td-accordion-wrapper td-accordion-wrapper-88498\">\n            <div class=\"accordion\" id=\"td-accordion-88498\">\n\n\t\t\t\t                        <div class=\"accordion-item\">\n                            <h2 class=\"accordion-header\">\n                                <button class=\"accordion-button\" type=\"button\" data-bs-toggle=\"collapse\" data-bs-target=\"#collapse-188498\" aria-expanded=\"true\" aria-controls=\"collapse-188498\">\n\t\t\t\t\t\t\t\t\t01. Cilat arm\u00eb do t\u00eb p\u00ebrdoren gjat\u00eb trajnimit?                                <\/button>\n                            <\/h2>\n\n                            <div id=\"collapse-188498\" class=\"accordion-collapse collapse show\" data-bs-parent=\"#td-accordion-88498\">\n                                <div class=\"accordion-body\">\n\t\t\t\t\t\t\t\t\t<p>Arm\u00ebt e shkurta:<\/p><p>Glock 9x19, SIG Sauer 9x19<\/p><p>Arm;t e gjata<\/p><p>AR 15 556, MP5 9x19 dhe AK 47 cal 7.62<\/p>                                <\/div>\n                            <\/div>\n                        <\/div>\n\t\t\t\t\t\t                        <div class=\"accordion-item\">\n                            <h2 class=\"accordion-header\">\n                                <button class=\"accordion-button collapsed\" type=\"button\" data-bs-toggle=\"collapse\" data-bs-target=\"#collapse-288498\" aria-expanded=\"false\" aria-controls=\"collapse-288498\">\n\t\t\t\t\t\t\t\t\t02. Sa municione do t\u00eb gjuajm\u00eb?                                 <\/button>\n                            <\/h2>\n\n                            <div id=\"collapse-288498\" class=\"accordion-collapse collapse\" data-bs-parent=\"#td-accordion-88498\">\n                                <div class=\"accordion-body\">\n\t\t\t\t\t\t\t\t\t<p>Ju do t\u00eb gjuani rreth<br \/>100-250 fishek p\u00ebr dit\u00eb<\/p>                                <\/div>\n                            <\/div>\n                        <\/div>\n\t\t\t\t\t\t                        <div class=\"accordion-item\">\n                            <h2 class=\"accordion-header\">\n                                <button class=\"accordion-button collapsed\" type=\"button\" data-bs-toggle=\"collapse\" data-bs-target=\"#collapse-388498\" aria-expanded=\"false\" aria-controls=\"collapse-388498\">\n\t\t\t\t\t\t\t\t\t03. Sa or\u00eb do t\u00eb trajnohemi p\u00ebr dit\u00eb ?                                <\/button>\n                            <\/h2>\n\n                            <div id=\"collapse-388498\" class=\"accordion-collapse collapse\" data-bs-parent=\"#td-accordion-88498\">\n                                <div class=\"accordion-body\">\n\t\t\t\t\t\t\t\t\t<p>Ti do t\u00eb jesh n\u00eb trajnim per 7 deri 9 or\u00eb ne dit\u00eb<\/p>                                <\/div>\n                            <\/div>\n                        <\/div>\n\t\t\t\t\t\t            <\/div>\n        <\/div>\n\t\t\t\t\t\t<\/div>\n\t\t\t\t<\/div>\n\t\t\t\t\t<\/div>\n\t\t<\/div>\n\t\t\t\t\t<\/div>\n\t\t<\/section>\n\t\t<div class=\"elementor-element elementor-element-0f42e04 e-flex e-con-boxed e-con e-parent\" data-id=\"0f42e04\" data-element_type=\"container\" data-e-type=\"container\">\n\t\t\t\t\t<div class=\"e-con-inner\">\n\t\t\t\t<div class=\"elementor-element elementor-element-1361d40 elementor-widget elementor-widget-themedraft_section_title\" data-id=\"1361d40\" data-element_type=\"widget\" data-e-type=\"widget\" data-widget_type=\"themedraft_section_title.default\">\n\t\t\t\t<div class=\"elementor-widget-container\">\n\t\t\t\t\t\n\t\t<div class=\"td-section-title-wrapper\">\n            <div class=\"td-section-title-content td-secondary-font\">\n                                    <div class=\"td-section-title-bg-text\">\n                        Kontakt                    <\/div>\n                \n                                    <div class=\"td-section-subtitle td-primary-color\">\n                        Ju lutem plot\u00ebsoni form\u00ebn                    <\/div>\n                \n                                    <div class=\"td-section-title\">\n                        <h2>Forma Online<\/h2>                    <\/div>\n                                        <div class=\"title-bottom-line\" style=\"background-image: url(https:\/\/ardianrexhepi.com\/wp-content\/uploads\/2025\/01\/blue.jpg)\"><\/div>\n                                                <\/div>\n\t\t<\/div>\n\t\t\t\t\t\t<\/div>\n\t\t\t\t<\/div>\n\t\t\t\t\t<\/div>\n\t\t\t\t<\/div>\n\t\t<div class=\"elementor-element elementor-element-624526b e-flex e-con-boxed e-con e-parent\" data-id=\"624526b\" data-element_type=\"container\" data-e-type=\"container\">\n\t\t\t\t\t<div class=\"e-con-inner\">\n\t\t\t\t<div class=\"elementor-element elementor-element-90c96b2 elementor-widget elementor-widget-shortcode\" data-id=\"90c96b2\" data-element_type=\"widget\" data-e-type=\"widget\" data-widget_type=\"shortcode.default\">\n\t\t\t\t<div class=\"elementor-widget-container\">\n\t\t\t\t\t\t\t<div class=\"elementor-shortcode\"><div class=\"forminator-ui forminator-custom-form forminator-custom-form-1340 forminator-design--material  forminator_ajax\" data-forminator-render=\"0\" data-form=\"forminator-module-1340\" data-uid=\"69f4c3fa908da\"><br\/><\/div><form\n\t\t\t\tid=\"forminator-module-1340\"\n\t\t\t\tclass=\"forminator-ui forminator-custom-form forminator-custom-form-1340 forminator-design--material  forminator_ajax\"\n\t\t\t\tmethod=\"post\"\n\t\t\t\tdata-forminator-render=\"0\"\n\t\t\t\tdata-form-id=\"1340\"\n\t\t\t\t data-color-option=\"theme\" data-design=\"material\" data-grid=\"open\" style=\"display: none;\"\n\t\t\t\tdata-uid=\"69f4c3fa908da\" action=\"\"\n\t\t\t><div role=\"alert\" aria-live=\"polite\" class=\"forminator-response-message forminator-error\" aria-hidden=\"true\"><\/div><div class=\"forminator-row\"><div id=\"name-1\" class=\"forminator-field-name forminator-col forminator-col-6\"><div class=\"forminator-field\"><label for=\"forminator-field-name-1_69f4c3fa908da\" id=\"forminator-field-name-1_69f4c3fa908da-label\" class=\"forminator-label\">Emri &amp; Mbiemri<\/label><input type=\"text\" name=\"name-1\" value=\"\" placeholder=\"Emri &amp; Mbiemri\" id=\"forminator-field-name-1_69f4c3fa908da\" class=\"forminator-input forminator-name--field\" aria-required=\"false\" autocomplete=\"name\" \/><\/div><\/div><div id=\"email-1\" class=\"forminator-field-email forminator-col forminator-col-6\"><div class=\"forminator-field\"><label for=\"forminator-field-email-1_69f4c3fa908da\" id=\"forminator-field-email-1_69f4c3fa908da-label\" class=\"forminator-label\">Email Adresa<\/label><input type=\"email\" name=\"email-1\" value=\"\" placeholder=\"E.g. john@doe.com\" id=\"forminator-field-email-1_69f4c3fa908da\" class=\"forminator-input forminator-email--field\" data-required=\"\" aria-required=\"false\" autocomplete=\"email\" \/><\/div><\/div><\/div><div class=\"forminator-row\"><div id=\"phone-1\" class=\"forminator-field-phone forminator-col forminator-col-12\"><div class=\"forminator-field\"><label for=\"forminator-field-phone-1_69f4c3fa908da\" id=\"forminator-field-phone-1_69f4c3fa908da-label\" class=\"forminator-label\">Numri i Telefonit<\/label><input type=\"text\" name=\"phone-1\" value=\"\" placeholder=\"+1 300 400 5000\" id=\"forminator-field-phone-1_69f4c3fa908da\" class=\"forminator-input forminator-field--phone\" data-required=\"\" aria-required=\"false\" autocomplete=\"off\" \/><\/div><\/div><\/div><div class=\"forminator-row\"><div id=\"select-1\" class=\"forminator-field-select forminator-col forminator-col-12\"><div class=\"forminator-field\"><label for=\"forminator-form-1340__field--select-1_69f4c3fa908da\" id=\"forminator-form-1340__field--select-1_69f4c3fa908da-label\" class=\"forminator-label\">Zgjidheni Kategorin\u00eb<\/label><select  id=\"forminator-form-1340__field--select-1_69f4c3fa908da\" class=\"forminator-select--field forminator-select2 forminator-select2-multiple\" data-required=\"\" name=\"select-1\" data-default-value=\"\" data-hidden-behavior=\"zero\" data-placeholder=\"\" data-search=\"false\" data-search-placeholder=\"\" data-checkbox=\"false\" data-allow-clear=\"false\" aria-labelledby=\"forminator-form-1340__field--select-1_69f4c3fa908da-label\"><option value=\"one\"  data-calculation=\"0\">Civil<\/option><option value=\"two\"  data-calculation=\"0\">Police<\/option><option value=\"Army\"  data-calculation=\"0\">Army<\/option><\/select><\/div><\/div><\/div><div class=\"forminator-row\"><div id=\"textarea-1\" class=\"forminator-field-textarea forminator-col forminator-col-12\"><div class=\"forminator-field\"><label for=\"forminator-field-textarea-1_69f4c3fa908da\" id=\"forminator-field-textarea-1_69f4c3fa908da-label\" class=\"forminator-label\">Mesazhi Juaj<\/label><textarea name=\"textarea-1\" placeholder=\"Write message here\" id=\"forminator-field-textarea-1_69f4c3fa908da\" class=\"forminator-textarea\" rows=\"6\" style=\"--forminator-textarea-min-height:140px;\" ><\/textarea><\/div><\/div><\/div><input type=\"hidden\" name=\"referer_url\" value=\"\" \/><div class=\"forminator-row forminator-row-last\"><div class=\"forminator-col\"><div class=\"forminator-field\"><button class=\"forminator-button forminator-button-submit\"><span>D\u00ebrgo Mesazhin<\/span><span aria-hidden=\"true\"><\/span><\/button><\/div><\/div><\/div><input type=\"hidden\" id=\"forminator_nonce\" name=\"forminator_nonce\" value=\"5ec32c4da4\" \/><input type=\"hidden\" name=\"_wp_http_referer\" value=\"\/sq\/wp-json\/wp\/v2\/pages\/629\" \/><input type=\"hidden\" name=\"form_id\" value=\"1340\"><input type=\"hidden\" name=\"page_id\" value=\"629\"><input type=\"hidden\" name=\"form_type\" value=\"default\"><input type=\"hidden\" name=\"current_url\" value=\"https:\/\/ardianrexhepi.com\/sq\/contact\/\"><input type=\"hidden\" name=\"render_id\" value=\"0\"><input type=\"hidden\" name=\"action\" value=\"forminator_submit_form_custom-forms\"><label for=\"input_6\" class=\"forminator-hidden\" aria-hidden=\"true\">Please do not fill in this field. <input id=\"input_6\" type=\"text\" name=\"input_6\" value=\"\" autocomplete=\"off\"><\/label><input type=\"hidden\" name=\"trp-form-language\" value=\"sq\"\/><\/form><\/div>\n\t\t\t\t\t\t<\/div>\n\t\t\t\t<\/div>\n\t\t\t\t\t<\/div>\n\t\t\t\t<\/div>\n\t\t\t\t<\/div>","protected":false},"excerpt":{"rendered":"<p>Contact Get In Touch Feel Free To Contact Address: Prishtine, 10000 Kosova \u00a0 Email: info@ardianrexhepi.com \u00a0 Working hours Monday &#8211; Friday 9am &#8211; 5pm Faqs Have some questions Most frequented question about us If you have any question please feel free to email us at: info@ardianrexhepi.com or fill the form below. 01. What guns will [&hellip;]<\/p>","protected":false},"author":1,"featured_media":0,"parent":0,"menu_order":0,"comment_status":"closed","ping_status":"closed","template":"","meta":{"footnotes":""},"class_list":["post-629","page","type-page","status-publish","hentry"],"yoast_head":"<!-- This site is optimized with the Yoast SEO plugin v27.4 - https:\/\/yoast.com\/product\/yoast-seo-wordpress\/ -->\n<title>Contact | Ardian Rexhepi<\/title>\n<meta name=\"robots\" content=\"index, follow, max-snippet:-1, max-image-preview:large, max-video-preview:-1\" \/>\n<link rel=\"canonical\" href=\"https:\/\/ardianrexhepi.com\/sq\/contact\/\" \/>\n<meta property=\"og:locale\" content=\"sq_AL\" \/>\n<meta property=\"og:type\" content=\"article\" \/>\n<meta property=\"og:title\" content=\"Contact | Ardian Rexhepi\" \/>\n<meta property=\"og:description\" content=\"Contact Get In Touch Feel Free To Contact Address: Prishtine, 10000 Kosova \u00a0 Email: info@ardianrexhepi.com \u00a0 Working hours Monday &#8211; Friday 9am &#8211; 5pm Faqs Have some questions Most frequented question about us If you have any question please feel free to email us at: info@ardianrexhepi.com or fill the form below. 01. What guns will [&hellip;]\" \/>\n<meta property=\"og:url\" content=\"https:\/\/ardianrexhepi.com\/sq\/contact\/\" \/>\n<meta property=\"og:site_name\" content=\"Ardian Rexhepi\" \/>\n<meta property=\"article:publisher\" content=\"https:\/\/www.facebook.com\/profile.php?id=100031038740761\" \/>\n<meta property=\"article:modified_time\" content=\"2025-01-24T19:58:08+00:00\" \/>\n<meta property=\"og:image\" content=\"https:\/\/ardianrexhepi.com\/wp-content\/uploads\/2025\/01\/slider-3ph.jpg\" \/>\n\t<meta property=\"og:image:width\" content=\"1600\" \/>\n\t<meta property=\"og:image:height\" content=\"1220\" \/>\n\t<meta property=\"og:image:type\" content=\"image\/jpeg\" \/>\n<meta name=\"twitter:card\" content=\"summary_large_image\" \/>\n<meta name=\"twitter:label1\" content=\"Est. reading time\" \/>\n\t<meta name=\"twitter:data1\" content=\"1 minut\u00eb\" \/>\n<script type=\"application\/ld+json\" class=\"yoast-schema-graph\">{\"@context\":\"https:\\\/\\\/schema.org\",\"@graph\":[{\"@type\":\"WebPage\",\"@id\":\"https:\\\/\\\/ardianrexhepi.com\\\/contact\\\/\",\"url\":\"https:\\\/\\\/ardianrexhepi.com\\\/contact\\\/\",\"name\":\"Contact | Ardian Rexhepi\",\"isPartOf\":{\"@id\":\"https:\\\/\\\/ardianrexhepi.com\\\/#website\"},\"datePublished\":\"2022-06-10T19:30:38+00:00\",\"dateModified\":\"2025-01-24T19:58:08+00:00\",\"breadcrumb\":{\"@id\":\"https:\\\/\\\/ardianrexhepi.com\\\/contact\\\/#breadcrumb\"},\"inLanguage\":\"sq\",\"potentialAction\":[{\"@type\":\"ReadAction\",\"target\":[\"https:\\\/\\\/ardianrexhepi.com\\\/contact\\\/\"]}]},{\"@type\":\"BreadcrumbList\",\"@id\":\"https:\\\/\\\/ardianrexhepi.com\\\/contact\\\/#breadcrumb\",\"itemListElement\":[{\"@type\":\"ListItem\",\"position\":1,\"name\":\"Home\",\"item\":\"https:\\\/\\\/ardianrexhepi.com\\\/\"},{\"@type\":\"ListItem\",\"position\":2,\"name\":\"Contact\"}]},{\"@type\":\"WebSite\",\"@id\":\"https:\\\/\\\/ardianrexhepi.com\\\/#website\",\"url\":\"https:\\\/\\\/ardianrexhepi.com\\\/\",\"name\":\"Ardian Rexhepi\",\"description\":\"CQB CPO EP\",\"publisher\":{\"@id\":\"https:\\\/\\\/ardianrexhepi.com\\\/#organization\"},\"potentialAction\":[{\"@type\":\"SearchAction\",\"target\":{\"@type\":\"EntryPoint\",\"urlTemplate\":\"https:\\\/\\\/ardianrexhepi.com\\\/?s={search_term_string}\"},\"query-input\":{\"@type\":\"PropertyValueSpecification\",\"valueRequired\":true,\"valueName\":\"search_term_string\"}}],\"inLanguage\":\"sq\"},{\"@type\":\"Organization\",\"@id\":\"https:\\\/\\\/ardianrexhepi.com\\\/#organization\",\"name\":\"Ardian Rexhepi\",\"url\":\"https:\\\/\\\/ardianrexhepi.com\\\/\",\"logo\":{\"@type\":\"ImageObject\",\"inLanguage\":\"sq\",\"@id\":\"https:\\\/\\\/ardianrexhepi.com\\\/#\\\/schema\\\/logo\\\/image\\\/\",\"url\":\"https:\\\/\\\/ardianrexhepi.com\\\/wp-content\\\/uploads\\\/2025\\\/01\\\/cropped-logo-ar-png.png\",\"contentUrl\":\"https:\\\/\\\/ardianrexhepi.com\\\/wp-content\\\/uploads\\\/2025\\\/01\\\/cropped-logo-ar-png.png\",\"width\":816,\"height\":261,\"caption\":\"Ardian Rexhepi\"},\"image\":{\"@id\":\"https:\\\/\\\/ardianrexhepi.com\\\/#\\\/schema\\\/logo\\\/image\\\/\"},\"sameAs\":[\"https:\\\/\\\/www.facebook.com\\\/profile.php?id=100031038740761\"]}]}<\/script>\n<!-- \/ Yoast SEO plugin. -->","yoast_head_json":{"title":"Contact | Ardian Rexhepi","robots":{"index":"index","follow":"follow","max-snippet":"max-snippet:-1","max-image-preview":"max-image-preview:large","max-video-preview":"max-video-preview:-1"},"canonical":"https:\/\/ardianrexhepi.com\/sq\/contact\/","og_locale":"sq_AL","og_type":"article","og_title":"Contact | Ardian Rexhepi","og_description":"Contact Get In Touch Feel Free To Contact Address: Prishtine, 10000 Kosova \u00a0 Email: info@ardianrexhepi.com \u00a0 Working hours Monday &#8211; Friday 9am &#8211; 5pm Faqs Have some questions Most frequented question about us If you have any question please feel free to email us at: info@ardianrexhepi.com or fill the form below. 01. What guns will [&hellip;]","og_url":"https:\/\/ardianrexhepi.com\/sq\/contact\/","og_site_name":"Ardian Rexhepi","article_publisher":"https:\/\/www.facebook.com\/profile.php?id=100031038740761","article_modified_time":"2025-01-24T19:58:08+00:00","og_image":[{"width":1600,"height":1220,"url":"https:\/\/ardianrexhepi.com\/wp-content\/uploads\/2025\/01\/slider-3ph.jpg","type":"image\/jpeg"}],"twitter_card":"summary_large_image","twitter_misc":{"Est. reading time":"1 minut\u00eb"},"schema":{"@context":"https:\/\/schema.org","@graph":[{"@type":"WebPage","@id":"https:\/\/ardianrexhepi.com\/contact\/","url":"https:\/\/ardianrexhepi.com\/contact\/","name":"Contact | Ardian Rexhepi","isPartOf":{"@id":"https:\/\/ardianrexhepi.com\/#website"},"datePublished":"2022-06-10T19:30:38+00:00","dateModified":"2025-01-24T19:58:08+00:00","breadcrumb":{"@id":"https:\/\/ardianrexhepi.com\/contact\/#breadcrumb"},"inLanguage":"sq","potentialAction":[{"@type":"ReadAction","target":["https:\/\/ardianrexhepi.com\/contact\/"]}]},{"@type":"BreadcrumbList","@id":"https:\/\/ardianrexhepi.com\/contact\/#breadcrumb","itemListElement":[{"@type":"ListItem","position":1,"name":"Home","item":"https:\/\/ardianrexhepi.com\/"},{"@type":"ListItem","position":2,"name":"Contact"}]},{"@type":"WebSite","@id":"https:\/\/ardianrexhepi.com\/#website","url":"https:\/\/ardianrexhepi.com\/","name":"Ardian Rexhepi","description":"CQB CPO EP","publisher":{"@id":"https:\/\/ardianrexhepi.com\/#organization"},"potentialAction":[{"@type":"SearchAction","target":{"@type":"EntryPoint","urlTemplate":"https:\/\/ardianrexhepi.com\/?s={search_term_string}"},"query-input":{"@type":"PropertyValueSpecification","valueRequired":true,"valueName":"search_term_string"}}],"inLanguage":"sq"},{"@type":"Organization","@id":"https:\/\/ardianrexhepi.com\/#organization","name":"Ardian Rexhepi","url":"https:\/\/ardianrexhepi.com\/","logo":{"@type":"ImageObject","inLanguage":"sq","@id":"https:\/\/ardianrexhepi.com\/#\/schema\/logo\/image\/","url":"https:\/\/ardianrexhepi.com\/wp-content\/uploads\/2025\/01\/cropped-logo-ar-png.png","contentUrl":"https:\/\/ardianrexhepi.com\/wp-content\/uploads\/2025\/01\/cropped-logo-ar-png.png","width":816,"height":261,"caption":"Ardian Rexhepi"},"image":{"@id":"https:\/\/ardianrexhepi.com\/#\/schema\/logo\/image\/"},"sameAs":["https:\/\/www.facebook.com\/profile.php?id=100031038740761"]}]}},"_links":{"self":[{"href":"https:\/\/ardianrexhepi.com\/sq\/wp-json\/wp\/v2\/pages\/629","targetHints":{"allow":["GET"]}}],"collection":[{"href":"https:\/\/ardianrexhepi.com\/sq\/wp-json\/wp\/v2\/pages"}],"about":[{"href":"https:\/\/ardianrexhepi.com\/sq\/wp-json\/wp\/v2\/types\/page"}],"author":[{"embeddable":true,"href":"https:\/\/ardianrexhepi.com\/sq\/wp-json\/wp\/v2\/users\/1"}],"replies":[{"embeddable":true,"href":"https:\/\/ardianrexhepi.com\/sq\/wp-json\/wp\/v2\/comments?post=629"}],"version-history":[{"count":21,"href":"https:\/\/ardianrexhepi.com\/sq\/wp-json\/wp\/v2\/pages\/629\/revisions"}],"predecessor-version":[{"id":1560,"href":"https:\/\/ardianrexhepi.com\/sq\/wp-json\/wp\/v2\/pages\/629\/revisions\/1560"}],"wp:attachment":[{"href":"https:\/\/ardianrexhepi.com\/sq\/wp-json\/wp\/v2\/media?parent=629"}],"curies":[{"name":"wp","href":"https:\/\/api.w.org\/{rel}","templated":true}]}}